{"id":3081,"date":"2019-04-26T11:10:19","date_gmt":"2019-04-26T09:10:19","guid":{"rendered":"https:\/\/www.noegel.de\/?page_id=3081"},"modified":"2024-08-07T08:35:50","modified_gmt":"2024-08-07T06:35:50","slug":"pl","status":"publish","type":"page","link":"https:\/\/www.noegel.de\/en\/pl\/","title":{"rendered":"NOEGEL POLSKA Sp.  z o.o."},"content":{"rendered":"<div class=\"wpb-content-wrapper\">[vc_row][vc_column]<h1 class='heading-middle  divider-sm' ><span>Witamy w firmie NOEGEL POLSKA Sp. Z o.o.<em class=\"heading-subtitle\">nasza strona jest nadal w budowie<\/em><\/span><\/h1>[\/vc_column][\/vc_row][vc_row][vc_column][vc_empty_space height=&#8221;40px&#8221;][\/vc_column][\/vc_row][vc_row][vc_column width=&#8221;1\/3&#8243;][vc_single_image image=&#8221;1940&#8243; img_size=&#8221;medium&#8221; alignment=&#8221;center&#8221;][vc_column_text]\n<p style=\"text-align: center;\"><strong>Noegel Polska Sp z o. o.<br \/>\n<\/strong>ul O\u015bwi\u0119cimska 90b<br \/>\n32 500 Chrzan\u00f3w, Polska\/Polen<\/p>\n<p style=\"text-align: center;\">Telefon: +48 32\/349 5335<br \/>\nTel.kom: +48 724167903<br \/>\nE-Mail: <a href=\"mailto:biuro@noegel.pl\">biuro@noegel.pl<\/a><\/p>\n<p style=\"text-align: center;\"><strong>Dyrektor:<\/strong><br \/>\nIngo Schulte<\/p>\n<p style=\"text-align: center;\">NIP 6282276229<\/p>\n[\/vc_column_text][\/vc_column][vc_column width=&#8221;1\/3&#8243;][vc_single_image image=&#8221;3093&#8243; img_size=&#8221;full&#8221; alignment=&#8221;center&#8221; onclick=&#8221;custom_link&#8221; css_animation=&#8221;flipInY&#8221; css=&#8221;&#8221; link=&#8221;https:\/\/www.noegel.de\/wp-content\/uploads\/2024\/08\/Katalog_Noegel_Polska_Fensterbau-do-wysylania.pdf&#8221;][\/vc_column][vc_column width=&#8221;1\/3&#8243;]<h3 class='heading-left  divider-sm' ><span>Specjalna konstrukcja okna katalogowego<\/span><\/h3>[vc_column_text css=&#8221;&#8221;]Zam\u00f3w dzisiaj nasz specjalny katalog do monta\u017cu okien i produkcji okien.<\/p>\n<p>Wystarczy wys\u0142a\u0107 kr\u00f3tki e-mail na biuro@noegel.pl<\/p>\n<p><a href=\"https:\/\/www.noegel.de\/wp-content\/uploads\/2024\/08\/Katalog_Noegel_Polska_Fensterbau-do-wysylania.pdf\"><strong>U\u017cyj tego linku aby pobra\u0107 nasz katalog!<\/strong><\/a>[\/vc_column_text][\/vc_column][\/vc_row][vc_row][vc_column][vc_separator][\/vc_column][\/vc_row][vc_row][vc_column][vc_column_text]\n<h1><span style=\"color: #999999;\">Privacy Policy<\/span><\/h1>\n<h2><span style=\"color: #999999;\">1. An overview of data protection<\/span><\/h2>\n<h3><span style=\"color: #999999;\">General<\/span><\/h3>\n<p><span style=\"color: #999999;\">The following gives a simple overview of what happens to your personal information when you visit our website. Personal information is any data with which you could be personally identified. Detailed information on the subject of data protection can be found in our privacy policy found below.<\/span><\/p>\n<h3><span style=\"color: #999999;\">Analytics and third-party tools<\/span><\/h3>\n<p><span style=\"color: #999999;\">When visiting our website, statistical analyses may be made of your surfing behavior. This happens primarily using cookies and analytics. The analysis of your surfing behavior is usually anonymous, i.e. we will not be able to identify you from this data. You can object to this analysis or prevent it by not using certain tools. Detailed information can be found in the following privacy policy.<\/span><\/p>\n<p><span style=\"color: #999999;\">You can object to this analysis. We will inform you below about how to exercise your options in this regard.<\/span><\/p>\n<h2><span style=\"color: #999999;\">2. General information and mandatory information<\/span><\/h2>\n<h3><span style=\"color: #999999;\">Data protection<\/span><\/h3>\n<p><span style=\"color: #999999;\">The operators of this website take the protection of your personal data very seriously. We treat your personal data as confidential and in accordance with the statutory data protection regulations and this privacy policy.<\/span><\/p>\n<p><span style=\"color: #999999;\">If you use this website, various pieces of personal data will be collected. Personal information is any data with which you could be personally identified. This privacy policy explains what information we collect and what we use it for. It also explains how and for what purpose this happens.<\/span><\/p>\n<p><span style=\"color: #999999;\">Please note that data transmitted via the internet (e.g. via email communication) may be subject to security breaches. Complete protection of your data from third-party access is not possible.<\/span><\/p>\n<h3><span style=\"color: #999999;\">Revocation of your consent to the processing of your data<\/span><\/h3>\n<p><span style=\"color: #999999;\">Many data processing operations are only possible with your express consent. You may revoke your consent at any time with future effect. An informal email making this request is sufficient. The data processed before we receive your request may still be legally processed.<\/span><\/p>\n<h3><span style=\"color: #999999;\">Right to data portability<\/span><\/h3>\n<p><span style=\"color: #999999;\">You have the right to have data which we process based on your consent or in fulfillment of a contract automatically delivered to yourself or to a third party in a standard, machine-readable format. If you require the direct transfer of data to another responsible party, this will only be done to the extent technically feasible.<\/span><\/p>\n<h3><span style=\"color: #999999;\">SSL or TLS encryption<\/span><\/h3>\n<p><span style=\"color: #999999;\">This site uses SSL or TLS encryption for security reasons and for the protection of the transmission of confidential content, such as the inquiries you send to us as the site operator. You can recognize an encrypted connection in your browser&#8217;s address line when it changes from &#8220;http:\/\/&#8221; to &#8220;https:\/\/&#8221; and the lock icon is displayed in your browser&#8217;s address bar.<\/span><\/p>\n<p><span style=\"color: #999999;\">If SSL or TLS encryption is activated, the data you transfer to us cannot be read by third parties.<\/span><\/p>\n<h3><span style=\"color: #999999;\">Information, blocking, deletion<\/span><\/h3>\n<p><span style=\"color: #999999;\">As permitted by law, you have the right to be provided at any time with information free of charge about any of your personal data that is stored as well as its origin, the recipient and the purpose for which it has been processed. You also have the right to have this data corrected, blocked or deleted. You can contact us at any time using the address given in our legal notice if you have further questions on the topic of personal data.<\/span><\/p>\n<h3><span style=\"color: #999999;\">Opposition to promotional emails<\/span><\/h3>\n<p><span style=\"color: #999999;\">We hereby expressly prohibit the use of contact data published in the context of website legal notice requirements with regard to sending promotional and informational materials not expressly requested. The website operator reserves the right to take specific legal action if unsolicited advertising material, such as email spam, is received.<\/span><\/p>\n<h2><span style=\"color: #999999;\">3. Data collection on our website<\/span><\/h2>\n<h3><span style=\"color: #999999;\">Cookies<\/span><\/h3>\n<p><span style=\"color: #999999;\">Some of our web pages use cookies. Cookies do not harm your computer and do not contain any viruses. Cookies help make our website more user-friendly, efficient, and secure. Cookies are small text files that are stored on your computer and saved by your browser.<\/span><\/p>\n<p><span style=\"color: #999999;\">Most of the cookies we use are so-called &#8220;session cookies.&#8221; They are automatically deleted after your visit. Other cookies remain in your device&#8217;s memory until you delete them. These cookies make it possible to recognize your browser when you next visit the site.<\/span><\/p>\n<p><span style=\"color: #999999;\">You can configure your browser to inform you about the use of cookies so that you can decide on a case-by-case basis whether to accept or reject a cookie. Alternatively, your browser can be configured to automatically accept cookies under certain conditions or to always reject them, or to automatically delete cookies when closing your browser. Disabling cookies may limit the functionality of this website.<\/span><\/p>\n<p><span style=\"color: #999999;\">Cookies which are necessary to allow electronic communications or to provide certain functions you wish to use (such as the shopping cart) are stored pursuant to Art. 6 paragraph 1, letter f of DSGVO. The website operator has a legitimate interest in the storage of cookies to ensure an optimized service provided free of technical errors. If other cookies (such as those used to analyze your surfing behavior) are also stored, they will be treated separately in this privacy policy.<\/span><\/p>\n<h3><span style=\"color: #999999;\">Server log files<\/span><\/h3>\n<p><span style=\"color: #999999;\">The website provider automatically collects and stores information that your browser automatically transmits to us in &#8220;server log files&#8221;. These are:<\/span><\/p>\n<ul>\n<li><span style=\"color: #999999;\">Browser type and browser version<\/span><\/li>\n<li><span style=\"color: #999999;\">Operating system used<\/span><\/li>\n<li><span style=\"color: #999999;\">Referrer URL<\/span><\/li>\n<li><span style=\"color: #999999;\">Host name of the accessing computer<\/span><\/li>\n<li><span style=\"color: #999999;\">Time of the server request<\/span><\/li>\n<li><span style=\"color: #999999;\">IP address<\/span><\/li>\n<\/ul>\n<p><span style=\"color: #999999;\">These data will not be combined with data from other sources.<\/span><\/p>\n<p><span style=\"color: #999999;\">The basis for data processing is Art. 6 (1) (f) DSGVO, which allows the processing of data to fulfill a contract or for measures preliminary to a contract.<\/span><\/p>\n<h2><span style=\"color: #999999;\">4. Analytics and advertising<\/span><\/h2>\n<h3><span style=\"color: #999999;\">WordPress Stats<\/span><\/h3>\n<p><span style=\"color: #999999;\">This website uses the WordPress Stats tool to perform statistical analyses of visitor traffic. This service is provided by Automattic Inc., 60 29th Street # 343, San Francisco, CA 94110-4929, USA.<\/span><\/p>\n<p><span style=\"color: #999999;\">WordPress Stats uses cookies that are stored on your computer and allow an analysis of the use of the website. The information generated by the cookies about the use of our website is stored on servers in the USA. Your IP address will be anonymized after processing and before storage.<\/span><\/p>\n<p><span style=\"color: #999999;\">WordPress Stats cookies remain on your device until you delete them.<\/span><\/p>\n<p><span style=\"color: #999999;\">The storage of &#8220;WordPress Stats&#8221; cookies is based on Art. 6 (1) (f) DSGVO. The website operator has a legitimate interest in analyzing user behavior to optimize both its website and its advertising.<\/span><\/p>\n<p><span style=\"color: #999999;\">You can configure your browser to inform you about the use of cookies so that you can decide on a case-by-case basis whether to accept or reject a cookie. Alternatively, your browser can be configured to automatically accept cookies under certain conditions or to always reject them, or to automatically delete cookies when closing your browser. The functionality of our services may be limited when cookies are disabled.<\/span><\/p>\n<p><span style=\"color: #999999;\">You can object to the collection and use of your data at any time with future effect by clicking on this link and setting an opt-out cookie in your browser: <a style=\"color: #999999;\" href=\"https:\/\/www.quantcast.com\/opt-out\/\" target=\"_blank\" rel=\"noopener noreferrer\">https:\/\/www.quantcast.com\/opt-out\/<\/a>.<\/span><\/p>\n<p><span style=\"color: #999999;\">If you delete the cookies on your computer, you will have to set the opt-out cookie again.<\/span><\/p>\n<h2><span style=\"color: #999999;\">5. Plugins and tools<\/span><\/h2>\n<h3><span style=\"color: #999999;\">Google Web Fonts<\/span><\/h3>\n<p><span style=\"color: #999999;\">For uniform representation of fonts, this page uses web fonts provided by Google. When you open a page, your browser loads the required web fonts into your browser cache to display texts and fonts correctly.<\/span><\/p>\n<p><span style=\"color: #999999;\">For this purpose your browser has to establish a direct connection to Google servers. Google thus becomes aware that our web page was accessed via your IP address. The use of Google Web fonts is done in the interest of a uniform and attractive presentation of our website. This constitutes a justified interest pursuant to Art. 6 (1) (f) DSGVO.<\/span><\/p>\n<p><span style=\"color: #999999;\">If your browser does not support web fonts, a standard font is used by your computer.<\/span><\/p>\n<p><span style=\"color: #999999;\">Further information about handling user data, can be found at <a style=\"color: #999999;\" href=\"https:\/\/developers.google.com\/fonts\/faq\" target=\"_blank\" rel=\"noopener noreferrer\">https:\/\/developers.google.com\/fonts\/faq<\/a> and in Google&#8217;s privacy policy at <a style=\"color: #999999;\" href=\"https:\/\/www.google.com\/policies\/privacy\/\" target=\"_blank\" rel=\"noopener noreferrer\">https:\/\/www.google.com\/policies\/privacy\/<\/a>.<\/span>[\/vc_column_text][\/vc_column][\/vc_row][vc_column][\/vc_column]\n<\/div>","protected":false},"excerpt":{"rendered":"<p>[vc_row][vc_column][\/vc_column][\/vc_row][vc_row][vc_column][vc_empty_space height=&#8221;40px&#8221;][\/vc_column][\/vc_row][vc_row][vc_column width=&#8221;1\/3&#8243;][vc_single_image image=&#8221;1940&#8243; img_size=&#8221;medium&#8221; alignment=&#8221;center&#8221;][vc_column_text] Noegel Polska Sp z o. o. ul O\u015bwi\u0119cimska 90b 32 500 Chrzan\u00f3w, Polska\/Polen Telefon: +48 32\/349 5335 Tel.kom: +48 724167903 E-Mail: biuro@noegel.pl Dyrektor: Ingo Schulte NIP 6282276229 [\/vc_column_text][\/vc_column][vc_column width=&#8221;1\/3&#8243;][vc_single_image image=&#8221;3093&#8243; img_size=&#8221;full&#8221; alignment=&#8221;center&#8221; onclick=&#8221;custom_link&#8221; css_animation=&#8221;flipInY&#8221; &hellip;<\/p>\n","protected":false},"author":1,"featured_media":0,"parent":0,"menu_order":0,"comment_status":"closed","ping_status":"closed","template":"","meta":{"footnotes":""},"class_list":["post-3081","page","type-page","status-publish","hentry"],"translation":{"provider":"WPGlobus","version":"3.0.2","language":"en","enabled_languages":["de","nl","en"],"languages":{"de":{"title":true,"content":true,"excerpt":false},"nl":{"title":false,"content":false,"excerpt":false},"en":{"title":false,"content":false,"excerpt":false}}},"yoast_head":"<!-- This site is optimized with the Yoast SEO plugin v27.3 - https:\/\/yoast.com\/product\/yoast-seo-wordpress\/ -->\n<title>NOEGEL POLSKA Sp. z o.o. - N\u00d6GEL Montagetechnik<\/title>\n<meta name=\"robots\" content=\"index, follow, max-snippet:-1, max-image-preview:large, max-video-preview:-1\" \/>\n<link rel=\"canonical\" href=\"https:\/\/www.noegel.de\/pl\/\" \/>\n<meta property=\"og:locale\" content=\"en_US\" \/>\n<meta property=\"og:type\" content=\"article\" \/>\n<meta property=\"og:title\" content=\"NOEGEL POLSKA Sp. z o.o. - N\u00d6GEL Montagetechnik\" \/>\n<meta property=\"og:url\" content=\"https:\/\/www.noegel.de\/pl\/\" \/>\n<meta property=\"og:site_name\" content=\"N\u00d6GEL Montagetechnik\" \/>\n<meta property=\"article:publisher\" content=\"https:\/\/www.facebook.com\/noegel.montagetechnik\" \/>\n<meta property=\"article:modified_time\" content=\"2024-08-07T06:35:50+00:00\" \/>\n<meta name=\"twitter:card\" content=\"summary_large_image\" \/>\n<meta name=\"twitter:label1\" content=\"Est. reading time\" \/>\n\t<meta name=\"twitter:data1\" content=\"9 minutes\" \/>\n<script type=\"application\/ld+json\" class=\"yoast-schema-graph\">{\"@context\":\"https:\\\/\\\/schema.org\",\"@graph\":[{\"@type\":\"WebPage\",\"@id\":\"https:\\\/\\\/www.noegel.de\\\/pl\\\/\",\"url\":\"https:\\\/\\\/www.noegel.de\\\/pl\\\/\",\"name\":\"NOEGEL POLSKA Sp. z o.o. - N\u00d6GEL Montagetechnik\",\"isPartOf\":{\"@id\":\"https:\\\/\\\/www.noegel.de\\\/#website\"},\"datePublished\":\"2019-04-26T09:10:19+00:00\",\"dateModified\":\"2024-08-07T06:35:50+00:00\",\"breadcrumb\":{\"@id\":\"https:\\\/\\\/www.noegel.de\\\/pl\\\/#breadcrumb\"},\"inLanguage\":\"en-US\",\"potentialAction\":[{\"@type\":\"ReadAction\",\"target\":[\"https:\\\/\\\/www.noegel.de\\\/pl\\\/\"]}]},{\"@type\":\"BreadcrumbList\",\"@id\":\"https:\\\/\\\/www.noegel.de\\\/pl\\\/#breadcrumb\",\"itemListElement\":[{\"@type\":\"ListItem\",\"position\":1,\"name\":\"Startseite\",\"item\":\"https:\\\/\\\/www.noegel.de\\\/\"},{\"@type\":\"ListItem\",\"position\":2,\"name\":\"NOEGEL POLSKA Sp. z o.o.\"}]},{\"@type\":\"WebSite\",\"@id\":\"https:\\\/\\\/www.noegel.de\\\/#website\",\"url\":\"https:\\\/\\\/www.noegel.de\\\/\",\"name\":\"N\u00d6GEL Montagetechnik\",\"description\":\"...die gute Verbindung\",\"potentialAction\":[{\"@type\":\"SearchAction\",\"target\":{\"@type\":\"EntryPoint\",\"urlTemplate\":\"https:\\\/\\\/www.noegel.de\\\/?s={search_term_string}\"},\"query-input\":{\"@type\":\"PropertyValueSpecification\",\"valueRequired\":true,\"valueName\":\"search_term_string\"}}],\"inLanguage\":\"en-US\"}]}<\/script>\n<!-- \/ Yoast SEO plugin. -->","yoast_head_json":{"title":"NOEGEL POLSKA Sp. z o.o. - N\u00d6GEL Montagetechnik","robots":{"index":"index","follow":"follow","max-snippet":"max-snippet:-1","max-image-preview":"max-image-preview:large","max-video-preview":"max-video-preview:-1"},"canonical":"https:\/\/www.noegel.de\/pl\/","og_locale":"en_US","og_type":"article","og_title":"NOEGEL POLSKA Sp. z o.o. - N\u00d6GEL Montagetechnik","og_url":"https:\/\/www.noegel.de\/pl\/","og_site_name":"N\u00d6GEL Montagetechnik","article_publisher":"https:\/\/www.facebook.com\/noegel.montagetechnik","article_modified_time":"2024-08-07T06:35:50+00:00","twitter_card":"summary_large_image","twitter_misc":{"Est. reading time":"9 minutes"},"schema":{"@context":"https:\/\/schema.org","@graph":[{"@type":"WebPage","@id":"https:\/\/www.noegel.de\/pl\/","url":"https:\/\/www.noegel.de\/pl\/","name":"NOEGEL POLSKA Sp. z o.o. - N\u00d6GEL Montagetechnik","isPartOf":{"@id":"https:\/\/www.noegel.de\/#website"},"datePublished":"2019-04-26T09:10:19+00:00","dateModified":"2024-08-07T06:35:50+00:00","breadcrumb":{"@id":"https:\/\/www.noegel.de\/pl\/#breadcrumb"},"inLanguage":"en-US","potentialAction":[{"@type":"ReadAction","target":["https:\/\/www.noegel.de\/pl\/"]}]},{"@type":"BreadcrumbList","@id":"https:\/\/www.noegel.de\/pl\/#breadcrumb","itemListElement":[{"@type":"ListItem","position":1,"name":"Startseite","item":"https:\/\/www.noegel.de\/"},{"@type":"ListItem","position":2,"name":"NOEGEL POLSKA Sp. z o.o."}]},{"@type":"WebSite","@id":"https:\/\/www.noegel.de\/#website","url":"https:\/\/www.noegel.de\/","name":"N\u00d6GEL Montagetechnik","description":"...die gute Verbindung","potentialAction":[{"@type":"SearchAction","target":{"@type":"EntryPoint","urlTemplate":"https:\/\/www.noegel.de\/?s={search_term_string}"},"query-input":{"@type":"PropertyValueSpecification","valueRequired":true,"valueName":"search_term_string"}}],"inLanguage":"en-US"}]}},"_links":{"self":[{"href":"https:\/\/www.noegel.de\/en\/wp-json\/wp\/v2\/pages\/3081","targetHints":{"allow":["GET"]}}],"collection":[{"href":"https:\/\/www.noegel.de\/en\/wp-json\/wp\/v2\/pages"}],"about":[{"href":"https:\/\/www.noegel.de\/en\/wp-json\/wp\/v2\/types\/page"}],"author":[{"embeddable":true,"href":"https:\/\/www.noegel.de\/en\/wp-json\/wp\/v2\/users\/1"}],"replies":[{"embeddable":true,"href":"https:\/\/www.noegel.de\/en\/wp-json\/wp\/v2\/comments?post=3081"}],"version-history":[{"count":10,"href":"https:\/\/www.noegel.de\/en\/wp-json\/wp\/v2\/pages\/3081\/revisions"}],"predecessor-version":[{"id":10471,"href":"https:\/\/www.noegel.de\/en\/wp-json\/wp\/v2\/pages\/3081\/revisions\/10471"}],"wp:attachment":[{"href":"https:\/\/www.noegel.de\/en\/wp-json\/wp\/v2\/media?parent=3081"}],"curies":[{"name":"wp","href":"https:\/\/api.w.org\/{rel}","templated":true}]}}