{"id":370,"date":"2016-08-02T15:50:07","date_gmt":"2016-08-02T13:50:07","guid":{"rendered":"http:\/\/noegel.de\/wp\/?page_id=370"},"modified":"2026-01-30T09:07:55","modified_gmt":"2026-01-30T08:07:55","slug":"messetermine","status":"publish","type":"page","link":"https:\/\/www.noegel.de\/en\/messetermine\/","title":{"rendered":"Messetermine 2026"},"content":{"rendered":"<div class=\"wpb-content-wrapper\">[vc_row full_width=&#8221;stretch_row_content_no_spaces&#8221;][vc_column][vc_single_image image=&#8221;12390&#8243; img_size=&#8221;full&#8221; alignment=&#8221;center&#8221; css=&#8221;&#8221;][\/vc_column][\/vc_row][vc_row][vc_column][vc_column_text css=&#8221;&#8221;]Sie m\u00f6chten die N\u00d6GEL-Produkte live erleben und uns pers\u00f6nlich kennenlernen?<br \/>\nAuf diesen Messen sind wir demn\u00e4chst vertreten:[\/vc_column_text][\/vc_column][\/vc_row][vc_row][vc_column width=&#8221;1\/2&#8243;][vc_column_text css=&#8221;&#8221;]\n<h1><strong>BUDMA<\/strong><\/h1>\n<h2>Poznan &#8211; Polen<\/h2>\n<p>03. &#8211; 06. Februar 2026<\/p>\n<p><strong>Halle 5, Standnr. 12<\/strong><\/p>\n[\/vc_column_text][\/vc_column][vc_column width=&#8221;1\/2&#8243;][vc_single_image image=&#8221;12387&#8243; img_size=&#8221;medium&#8221; alignment=&#8221;center&#8221; onclick=&#8221;custom_link&#8221; img_link_target=&#8221;_blank&#8221; css=&#8221;&#8221; link=&#8221;https:\/\/budma.pl\/en\/&#8221;][\/vc_column][\/vc_row][vc_row][vc_column width=&#8221;1\/2&#8243;][vc_column_text css=&#8221;&#8221;]\n<h1><strong>Dach &amp; Holz International\u00a0<\/strong><\/h1>\n<h2>K\u00f6ln<\/h2>\n<p>24. &#8211; 27. Februar 2026<\/p>\n<p><strong>Stand: 9.225<\/strong>[\/vc_column_text][\/vc_column][vc_column width=&#8221;1\/2&#8243;][vc_single_image image=&#8221;12386&#8243; img_size=&#8221;medium&#8221; alignment=&#8221;center&#8221; onclick=&#8221;custom_link&#8221; img_link_target=&#8221;_blank&#8221; css=&#8221;&#8221; link=&#8221;https:\/\/www.dach-holz.com\/de&#8221;][\/vc_column][\/vc_row][vc_row][vc_column width=&#8221;1\/2&#8243;][vc_column_text css=&#8221;&#8221;]\n<h1><strong>Intertraffic<\/strong><\/h1>\n<h2>Amsterdam &#8211; Niederlande<\/h2>\n<p>10. &#8211; 13. M\u00e4rz 2026<\/p>\n<p><strong>Stand: 10.515<\/strong><\/p>\n[\/vc_column_text][\/vc_column][vc_column width=&#8221;1\/2&#8243;][vc_single_image image=&#8221;12388&#8243; img_size=&#8221;medium&#8221; alignment=&#8221;center&#8221; onclick=&#8221;custom_link&#8221; img_link_target=&#8221;_blank&#8221; css=&#8221;&#8221; link=&#8221;https:\/\/www.intertraffic.com\/&#8221;][\/vc_column][\/vc_row][vc_row][vc_column width=&#8221;1\/2&#8243;][vc_column_text css=&#8221;&#8221;]\n<h1><strong>Fensterbau Frontale<\/strong><\/h1>\n<h2>N\u00fcrnberg<\/h2>\n<p>24. \u2013 27. M\u00e4rz 2026<\/p>\n<p><strong>Stand: 1-425<\/strong>[\/vc_column_text][\/vc_column][vc_column width=&#8221;1\/2&#8243;][vc_single_image image=&#8221;12384&#8243; img_size=&#8221;medium&#8221; alignment=&#8221;center&#8221; onclick=&#8221;custom_link&#8221; img_link_target=&#8221;_blank&#8221; css=&#8221;&#8221; link=&#8221;https:\/\/www.frontale.de\/de-de&#8221;][\/vc_column][\/vc_row][vc_row el_id=&#8221;ausbildungsmessen&#8221;][vc_column]<h1 class='heading-middle  style-1' ><span>Ausbildungsmessen<\/span><\/h1>[vc_empty_space][\/vc_column][\/vc_row][vc_row full_width=&#8221;stretch_row_content_no_spaces&#8221;][vc_column][vc_single_image image=&#8221;12465&#8243; img_size=&#8221;full&#8221; alignment=&#8221;center&#8221; css=&#8221;&#8221;][\/vc_column][\/vc_row][vc_row][vc_column width=&#8221;1\/2&#8243;][vc_column_text css=&#8221;&#8221;]\n<h1><strong>Chance: Azubi<\/strong><\/h1>\n<h3 class=\"el-title uk-margin-top uk-margin-remove-bottom\">Lingen, Gesamtschule Emsland<\/h3>\n<p>12. Februar 2026[\/vc_column_text][\/vc_column][vc_column width=&#8221;1\/2&#8243;][vc_empty_space][vc_single_image image=&#8221;12457&#8243; img_size=&#8221;medium&#8221; alignment=&#8221;center&#8221; onclick=&#8221;custom_link&#8221; img_link_target=&#8221;_blank&#8221; css=&#8221;&#8221; link=&#8221;https:\/\/www.facebook.com\/events\/1090980979777403\/?acontext=%7B%22event_action_history%22%3A`{`%7B%22mechanism%22%3A%22calendar_tab_event%22%2C%22surface%22%3A%22bookmark_calendar%22%7D`}`%2C%22ref_notif_type%22%3Anull%7D&#8221;][\/vc_column][\/vc_row][vc_row][vc_column width=&#8221;1\/2&#8243;][vc_column_text css=&#8221;&#8221;]\n<h1><strong>Chance: Azubi<\/strong><\/h1>\n<h3 class=\"el-title uk-margin-top uk-margin-remove-bottom\">Meppen, Gymnasium Marianum<\/h3>\n<p>24. Februar 2026[\/vc_column_text][\/vc_column][vc_column width=&#8221;1\/2&#8243;][vc_empty_space][vc_single_image image=&#8221;12457&#8243; img_size=&#8221;medium&#8221; alignment=&#8221;center&#8221; onclick=&#8221;custom_link&#8221; img_link_target=&#8221;_blank&#8221; css=&#8221;&#8221; link=&#8221;https:\/\/www.facebook.com\/events\/1867958537125148\/?acontext=%7B%22event_action_history%22%3A`{`%7B%22extra_data%22%3A%22%22%2C%22mechanism%22%3A%22surface%22%2C%22surface%22%3A%22create_dialog%22%7D%2C%7B%22extra_data%22%3A%22%22%2C%22mechanism%22%3A%22surface%22%2C%22surface%22%3A%22permalink%22%7D%2C%7B%22extra_data%22%3A%22%22%2C%22mechanism%22%3A%22surface%22%2C%22surface%22%3A%22edit_dialog%22%7D`}`%2C%22ref_notif_type%22%3Anull%7D&#8221;][\/vc_column][\/vc_row]\n<\/div>","protected":false},"excerpt":{"rendered":"<p>[vc_row full_width=&#8221;stretch_row_content_no_spaces&#8221;][vc_column][vc_single_image image=&#8221;12390&#8243; img_size=&#8221;full&#8221; alignment=&#8221;center&#8221; css=&#8221;&#8221;][\/vc_column][\/vc_row][vc_row][vc_column][vc_column_text css=&#8221;&#8221;]Sie m\u00f6chten die N\u00d6GEL-Produkte live erleben und uns pers\u00f6nlich kennenlernen? Auf diesen Messen sind wir demn\u00e4chst vertreten:[\/vc_column_text][\/vc_column][\/vc_row][vc_row][vc_column width=&#8221;1\/2&#8243;][vc_column_text css=&#8221;&#8221;] BUDMA Poznan &#8211; Polen 03. &#8211; 06. Februar 2026 Halle 5, Standnr. 12 [\/vc_column_text][\/vc_column][vc_column width=&#8221;1\/2&#8243;][vc_single_image &hellip;<\/p>\n","protected":false},"author":1,"featured_media":0,"parent":0,"menu_order":0,"comment_status":"closed","ping_status":"closed","template":"","meta":{"footnotes":""},"class_list":["post-370","page","type-page","status-publish","hentry"],"translation":{"provider":"WPGlobus","version":"3.0.2","language":"en","enabled_languages":["de","nl","en"],"languages":{"de":{"title":true,"content":true,"excerpt":false},"nl":{"title":true,"content":false,"excerpt":false},"en":{"title":false,"content":false,"excerpt":false}}},"yoast_head":"<!-- This site is optimized with the Yoast SEO plugin v27.4 - https:\/\/yoast.com\/product\/yoast-seo-wordpress\/ -->\n<title>- N\u00d6GEL Montagetechnik<\/title>\n<meta name=\"robots\" content=\"index, follow, max-snippet:-1, max-image-preview:large, max-video-preview:-1\" \/>\n<link rel=\"canonical\" href=\"https:\/\/www.noegel.de\/messetermine\/\" \/>\n<meta property=\"og:locale\" content=\"en_US\" \/>\n<meta property=\"og:type\" content=\"article\" \/>\n<meta property=\"og:title\" content=\"- N\u00d6GEL Montagetechnik\" \/>\n<meta property=\"og:url\" content=\"https:\/\/www.noegel.de\/messetermine\/\" \/>\n<meta property=\"og:site_name\" content=\"N\u00d6GEL Montagetechnik\" \/>\n<meta property=\"article:publisher\" content=\"https:\/\/www.facebook.com\/noegel.montagetechnik\" \/>\n<meta property=\"article:modified_time\" content=\"2026-01-30T08:07:55+00:00\" \/>\n<meta name=\"twitter:card\" content=\"summary_large_image\" \/>\n<meta name=\"twitter:label1\" content=\"Est. reading time\" \/>\n\t<meta name=\"twitter:data1\" content=\"1 minute\" \/>\n<script type=\"application\/ld+json\" class=\"yoast-schema-graph\">{\"@context\":\"https:\\\/\\\/schema.org\",\"@graph\":[{\"@type\":\"WebPage\",\"@id\":\"https:\\\/\\\/www.noegel.de\\\/messetermine\\\/\",\"url\":\"https:\\\/\\\/www.noegel.de\\\/messetermine\\\/\",\"name\":\"- N\u00d6GEL Montagetechnik\",\"isPartOf\":{\"@id\":\"https:\\\/\\\/www.noegel.de\\\/#website\"},\"datePublished\":\"2016-08-02T13:50:07+00:00\",\"dateModified\":\"2026-01-30T08:07:55+00:00\",\"breadcrumb\":{\"@id\":\"https:\\\/\\\/www.noegel.de\\\/messetermine\\\/#breadcrumb\"},\"inLanguage\":\"en-US\",\"potentialAction\":[{\"@type\":\"ReadAction\",\"target\":[\"https:\\\/\\\/www.noegel.de\\\/messetermine\\\/\"]}]},{\"@type\":\"BreadcrumbList\",\"@id\":\"https:\\\/\\\/www.noegel.de\\\/messetermine\\\/#breadcrumb\",\"itemListElement\":[{\"@type\":\"ListItem\",\"position\":1,\"name\":\"Startseite\",\"item\":\"https:\\\/\\\/www.noegel.de\\\/\"},{\"@type\":\"ListItem\",\"position\":2,\"name\":\"Messetermine 2026\"}]},{\"@type\":\"WebSite\",\"@id\":\"https:\\\/\\\/www.noegel.de\\\/#website\",\"url\":\"https:\\\/\\\/www.noegel.de\\\/\",\"name\":\"N\u00d6GEL Montagetechnik\",\"description\":\"...die gute Verbindung\",\"potentialAction\":[{\"@type\":\"SearchAction\",\"target\":{\"@type\":\"EntryPoint\",\"urlTemplate\":\"https:\\\/\\\/www.noegel.de\\\/?s={search_term_string}\"},\"query-input\":{\"@type\":\"PropertyValueSpecification\",\"valueRequired\":true,\"valueName\":\"search_term_string\"}}],\"inLanguage\":\"en-US\"}]}<\/script>\n<!-- \/ Yoast SEO plugin. -->","yoast_head_json":{"title":"- N\u00d6GEL Montagetechnik","robots":{"index":"index","follow":"follow","max-snippet":"max-snippet:-1","max-image-preview":"max-image-preview:large","max-video-preview":"max-video-preview:-1"},"canonical":"https:\/\/www.noegel.de\/messetermine\/","og_locale":"en_US","og_type":"article","og_title":"- N\u00d6GEL Montagetechnik","og_url":"https:\/\/www.noegel.de\/messetermine\/","og_site_name":"N\u00d6GEL Montagetechnik","article_publisher":"https:\/\/www.facebook.com\/noegel.montagetechnik","article_modified_time":"2026-01-30T08:07:55+00:00","twitter_card":"summary_large_image","twitter_misc":{"Est. reading time":"1 minute"},"schema":{"@context":"https:\/\/schema.org","@graph":[{"@type":"WebPage","@id":"https:\/\/www.noegel.de\/messetermine\/","url":"https:\/\/www.noegel.de\/messetermine\/","name":"- N\u00d6GEL Montagetechnik","isPartOf":{"@id":"https:\/\/www.noegel.de\/#website"},"datePublished":"2016-08-02T13:50:07+00:00","dateModified":"2026-01-30T08:07:55+00:00","breadcrumb":{"@id":"https:\/\/www.noegel.de\/messetermine\/#breadcrumb"},"inLanguage":"en-US","potentialAction":[{"@type":"ReadAction","target":["https:\/\/www.noegel.de\/messetermine\/"]}]},{"@type":"BreadcrumbList","@id":"https:\/\/www.noegel.de\/messetermine\/#breadcrumb","itemListElement":[{"@type":"ListItem","position":1,"name":"Startseite","item":"https:\/\/www.noegel.de\/"},{"@type":"ListItem","position":2,"name":"Messetermine 2026"}]},{"@type":"WebSite","@id":"https:\/\/www.noegel.de\/#website","url":"https:\/\/www.noegel.de\/","name":"N\u00d6GEL Montagetechnik","description":"...die gute Verbindung","potentialAction":[{"@type":"SearchAction","target":{"@type":"EntryPoint","urlTemplate":"https:\/\/www.noegel.de\/?s={search_term_string}"},"query-input":{"@type":"PropertyValueSpecification","valueRequired":true,"valueName":"search_term_string"}}],"inLanguage":"en-US"}]}},"_links":{"self":[{"href":"https:\/\/www.noegel.de\/en\/wp-json\/wp\/v2\/pages\/370","targetHints":{"allow":["GET"]}}],"collection":[{"href":"https:\/\/www.noegel.de\/en\/wp-json\/wp\/v2\/pages"}],"about":[{"href":"https:\/\/www.noegel.de\/en\/wp-json\/wp\/v2\/types\/page"}],"author":[{"embeddable":true,"href":"https:\/\/www.noegel.de\/en\/wp-json\/wp\/v2\/users\/1"}],"replies":[{"embeddable":true,"href":"https:\/\/www.noegel.de\/en\/wp-json\/wp\/v2\/comments?post=370"}],"version-history":[{"count":11,"href":"https:\/\/www.noegel.de\/en\/wp-json\/wp\/v2\/pages\/370\/revisions"}],"predecessor-version":[{"id":12589,"href":"https:\/\/www.noegel.de\/en\/wp-json\/wp\/v2\/pages\/370\/revisions\/12589"}],"wp:attachment":[{"href":"https:\/\/www.noegel.de\/en\/wp-json\/wp\/v2\/media?parent=370"}],"curies":[{"name":"wp","href":"https:\/\/api.w.org\/{rel}","templated":true}]}}