{"id":541,"date":"2016-08-08T09:28:29","date_gmt":"2016-08-08T07:28:29","guid":{"rendered":"http:\/\/noegel.de\/wp\/?page_id=541"},"modified":"2023-01-17T15:30:46","modified_gmt":"2023-01-17T14:30:46","slug":"bestellservice","status":"publish","type":"page","link":"https:\/\/www.noegel.de\/en\/bestellservice\/","title":{"rendered":"Bestellservice"},"content":{"rendered":"<div class=\"wpb-content-wrapper\">[vc_row][vc_column][vc_column_text]W\u00e4hlen Sie aus unserem Produktsortiment mit insgesamt ca. 45.000 Artikeln &#8211;<br \/>\nBei einer Verf\u00fcgbarkeit von 96% ist Ihre Ware bei Bestellungen bis 12 Uhr\u00a0 innerhalb von 4 Stunden auf der Stra\u00dfe![\/vc_column_text]<h1 class='heading-left  divider-sm' ><span>Bestellannahme und Beratung<\/span><\/h1>[vc_column_text]Montag bis Donnerstag 7.00 Uhr bis 18.00 Uhr<br \/>\nFreitags 7.00 Uhr bis 16.00 Uhr<\/p>\n<table style=\"width: auto;\">\n<tbody>\n<tr style=\"height: 24px;\">\n<td style=\"height: 24px; width: 92.15px;\"><strong>Telefon<\/strong><\/td>\n<td style=\"height: 24px; width: auto;\">+49 59 36\/93 63-0<\/td>\n<\/tr>\n<tr style=\"height: 24px;\">\n<td style=\"height: 24px; width: 92.15px; vertical-align: top;\"><strong>Fax<\/strong><\/td>\n<td style=\"height: 24px; width: auto;\">+49 59 36\/93 63-63 Bauhandwerk<br \/>\n+49 59 36\/93 63-64 Fensterbau<br \/>\n+49 59 36\/93 63-51 Export<br \/>\n+49\u00a0 59 36\/93 63-22 Industrie<\/td>\n<\/tr>\n<tr style=\"height: 24px;\">\n<td style=\"height: 24px; width: 92.15px;\"><strong>Free-Fax<\/strong><\/td>\n<td style=\"height: 24px; width: auto;\">0800\/86 63 43 56 (Deutschland)<\/td>\n<\/tr>\n<tr style=\"height: 24px;\">\n<td style=\"height: 24px; width: 92.15px;\"><strong>E-Mail<\/strong><\/td>\n<td style=\"height: 24px; width: auto;\"><a href=\"mailto:info@noegel.de\">info@noegel.de<\/a><\/td>\n<\/tr>\n<tr style=\"height: 24.8667px;\">\n<td style=\"height: 24.8667px; width: 92.15px;\"><strong>Webshop<\/strong><\/td>\n<td style=\"height: 24px; width: auto;\"><a href=\"http:\/\/www.noegelshop.de\" target=\"_blank\" rel=\"noopener noreferrer\">www.noegelshop.de<\/a><\/td>\n<\/tr>\n<\/tbody>\n<\/table>\n[\/vc_column_text][\/vc_column][\/vc_row][vc_row][vc_column]<h1 class='heading-left  divider-sm' ><span>Fracht-, Transport- und Lieferbedingungen<\/span><\/h1>[vc_column_text]<strong>1. St\u00fcckgut\/Paketgut<\/strong><br \/>\nKleinteile oder Pakete werden innerhalb Deutschlands ab einem Nettoauftragswert von 250 \u20ac FREI HAUS zugestellt. Darunter berechnen wir 8,90 \u20ac Porto- und Verpackungskosten pro Bestellung (Niederlande sowie Belgien und \u00d6sterreich 8,90 \u20ac). Andere L\u00e4nder auf Anfrage.<\/p>\n<p><strong>2. Expressversand<\/strong><br \/>\nBei Auftragseingang bis 13 Uhr erfolgt die Zustellung von Lagerware auf Wunsch im Laufe des Vormittags am n\u00e4chsten Arbeitstag. F\u00fcr den Expressversand berechnen wir Frachtkosten von 16 \u20ac pro Paket. Andere L\u00e4nder auf Anfrage.<\/p>\n<p><strong>3. Mindermengenzuschlag<\/strong><br \/>\nBei Auftr\u00e4gen unter 25 \u20ac Nettowarenwert berechnen wir pauschal 4 \u20ac Mindermengenzuschlag + 8,90 \u20ac Porto- und Verpackungskosten pro Sendung.<\/p>\n<p><strong>4. Sperrgutversand &#8211; Deutschland \/ Niederlande<\/strong><br \/>\nBei Sperrgutversand, z. B. Gewindestangen, Langmaterialien (\u00fcber 1 m L\u00e4nge), Gefahrg\u00fcter, Snaps, Fassadenanschlussprofile etc. berechnen wir pauschal eine Frachtkostenbeteiligung von 19,90 \u20ac pro Auftrag unter 500 \u20ac Netto-Warenwert. Alle anderen L\u00e4nder auf Anfrage.<\/p>\n<p><strong>5. Warenretouren<\/strong><br \/>\nF\u00fcr R\u00fccknahmen von Warenretouren berechnen wir eine Einlagerungsgeb\u00fchr von 25% je nach Aufwand und Zustand. Warenretouren sind nach Freigabe des Verkaufsinnendienstes m\u00f6glich. Sonderartikel sind von der R\u00fccknahme ausgenommen.[\/vc_column_text][\/vc_column][\/vc_row]\n<\/div>","protected":false},"excerpt":{"rendered":"<p>[vc_row][vc_column][vc_column_text]W\u00e4hlen Sie aus unserem Produktsortiment mit insgesamt ca. 45.000 Artikeln &#8211; Bei einer Verf\u00fcgbarkeit von 96% ist Ihre Ware bei Bestellungen bis 12 Uhr\u00a0 innerhalb von 4 Stunden auf der Stra\u00dfe![\/vc_column_text][vc_column_text]Montag bis Donnerstag 7.00 Uhr bis 18.00 Uhr Freitags 7.00 &hellip;<\/p>\n","protected":false},"author":1,"featured_media":0,"parent":0,"menu_order":0,"comment_status":"closed","ping_status":"closed","template":"","meta":{"footnotes":""},"class_list":["post-541","page","type-page","status-publish","hentry"],"translation":{"provider":"WPGlobus","version":"3.0.2","language":"en","enabled_languages":["de","nl","en"],"languages":{"de":{"title":true,"content":true,"excerpt":false},"nl":{"title":true,"content":true,"excerpt":false},"en":{"title":false,"content":false,"excerpt":false}}},"yoast_head":"<!-- This site is optimized with the Yoast SEO plugin v27.4 - https:\/\/yoast.com\/product\/yoast-seo-wordpress\/ -->\n<title>- N\u00d6GEL Montagetechnik<\/title>\n<meta name=\"robots\" content=\"index, follow, max-snippet:-1, max-image-preview:large, max-video-preview:-1\" \/>\n<link rel=\"canonical\" href=\"https:\/\/www.noegel.de\/bestellservice\/\" \/>\n<meta property=\"og:locale\" content=\"en_US\" \/>\n<meta property=\"og:type\" content=\"article\" \/>\n<meta property=\"og:title\" content=\"- N\u00d6GEL Montagetechnik\" \/>\n<meta property=\"og:url\" content=\"https:\/\/www.noegel.de\/bestellservice\/\" \/>\n<meta property=\"og:site_name\" content=\"N\u00d6GEL Montagetechnik\" \/>\n<meta property=\"article:publisher\" content=\"https:\/\/www.facebook.com\/noegel.montagetechnik\" \/>\n<meta property=\"article:modified_time\" content=\"2023-01-17T14:30:46+00:00\" \/>\n<meta name=\"twitter:card\" content=\"summary_large_image\" \/>\n<meta name=\"twitter:label1\" content=\"Est. reading time\" \/>\n\t<meta name=\"twitter:data1\" content=\"2 minutes\" \/>\n<script type=\"application\/ld+json\" class=\"yoast-schema-graph\">{\"@context\":\"https:\\\/\\\/schema.org\",\"@graph\":[{\"@type\":\"WebPage\",\"@id\":\"https:\\\/\\\/www.noegel.de\\\/bestellservice\\\/\",\"url\":\"https:\\\/\\\/www.noegel.de\\\/bestellservice\\\/\",\"name\":\"- N\u00d6GEL Montagetechnik\",\"isPartOf\":{\"@id\":\"https:\\\/\\\/www.noegel.de\\\/#website\"},\"datePublished\":\"2016-08-08T07:28:29+00:00\",\"dateModified\":\"2023-01-17T14:30:46+00:00\",\"breadcrumb\":{\"@id\":\"https:\\\/\\\/www.noegel.de\\\/bestellservice\\\/#breadcrumb\"},\"inLanguage\":\"en-US\",\"potentialAction\":[{\"@type\":\"ReadAction\",\"target\":[\"https:\\\/\\\/www.noegel.de\\\/bestellservice\\\/\"]}]},{\"@type\":\"BreadcrumbList\",\"@id\":\"https:\\\/\\\/www.noegel.de\\\/bestellservice\\\/#breadcrumb\",\"itemListElement\":[{\"@type\":\"ListItem\",\"position\":1,\"name\":\"Startseite\",\"item\":\"https:\\\/\\\/www.noegel.de\\\/\"},{\"@type\":\"ListItem\",\"position\":2,\"name\":\"Bestellservice\"}]},{\"@type\":\"WebSite\",\"@id\":\"https:\\\/\\\/www.noegel.de\\\/#website\",\"url\":\"https:\\\/\\\/www.noegel.de\\\/\",\"name\":\"N\u00d6GEL Montagetechnik\",\"description\":\"...die gute Verbindung\",\"potentialAction\":[{\"@type\":\"SearchAction\",\"target\":{\"@type\":\"EntryPoint\",\"urlTemplate\":\"https:\\\/\\\/www.noegel.de\\\/?s={search_term_string}\"},\"query-input\":{\"@type\":\"PropertyValueSpecification\",\"valueRequired\":true,\"valueName\":\"search_term_string\"}}],\"inLanguage\":\"en-US\"}]}<\/script>\n<!-- \/ Yoast SEO plugin. -->","yoast_head_json":{"title":"- N\u00d6GEL Montagetechnik","robots":{"index":"index","follow":"follow","max-snippet":"max-snippet:-1","max-image-preview":"max-image-preview:large","max-video-preview":"max-video-preview:-1"},"canonical":"https:\/\/www.noegel.de\/bestellservice\/","og_locale":"en_US","og_type":"article","og_title":"- N\u00d6GEL Montagetechnik","og_url":"https:\/\/www.noegel.de\/bestellservice\/","og_site_name":"N\u00d6GEL Montagetechnik","article_publisher":"https:\/\/www.facebook.com\/noegel.montagetechnik","article_modified_time":"2023-01-17T14:30:46+00:00","twitter_card":"summary_large_image","twitter_misc":{"Est. reading time":"2 minutes"},"schema":{"@context":"https:\/\/schema.org","@graph":[{"@type":"WebPage","@id":"https:\/\/www.noegel.de\/bestellservice\/","url":"https:\/\/www.noegel.de\/bestellservice\/","name":"- N\u00d6GEL Montagetechnik","isPartOf":{"@id":"https:\/\/www.noegel.de\/#website"},"datePublished":"2016-08-08T07:28:29+00:00","dateModified":"2023-01-17T14:30:46+00:00","breadcrumb":{"@id":"https:\/\/www.noegel.de\/bestellservice\/#breadcrumb"},"inLanguage":"en-US","potentialAction":[{"@type":"ReadAction","target":["https:\/\/www.noegel.de\/bestellservice\/"]}]},{"@type":"BreadcrumbList","@id":"https:\/\/www.noegel.de\/bestellservice\/#breadcrumb","itemListElement":[{"@type":"ListItem","position":1,"name":"Startseite","item":"https:\/\/www.noegel.de\/"},{"@type":"ListItem","position":2,"name":"Bestellservice"}]},{"@type":"WebSite","@id":"https:\/\/www.noegel.de\/#website","url":"https:\/\/www.noegel.de\/","name":"N\u00d6GEL Montagetechnik","description":"...die gute Verbindung","potentialAction":[{"@type":"SearchAction","target":{"@type":"EntryPoint","urlTemplate":"https:\/\/www.noegel.de\/?s={search_term_string}"},"query-input":{"@type":"PropertyValueSpecification","valueRequired":true,"valueName":"search_term_string"}}],"inLanguage":"en-US"}]}},"_links":{"self":[{"href":"https:\/\/www.noegel.de\/en\/wp-json\/wp\/v2\/pages\/541","targetHints":{"allow":["GET"]}}],"collection":[{"href":"https:\/\/www.noegel.de\/en\/wp-json\/wp\/v2\/pages"}],"about":[{"href":"https:\/\/www.noegel.de\/en\/wp-json\/wp\/v2\/types\/page"}],"author":[{"embeddable":true,"href":"https:\/\/www.noegel.de\/en\/wp-json\/wp\/v2\/users\/1"}],"replies":[{"embeddable":true,"href":"https:\/\/www.noegel.de\/en\/wp-json\/wp\/v2\/comments?post=541"}],"version-history":[{"count":11,"href":"https:\/\/www.noegel.de\/en\/wp-json\/wp\/v2\/pages\/541\/revisions"}],"predecessor-version":[{"id":6711,"href":"https:\/\/www.noegel.de\/en\/wp-json\/wp\/v2\/pages\/541\/revisions\/6711"}],"wp:attachment":[{"href":"https:\/\/www.noegel.de\/en\/wp-json\/wp\/v2\/media?parent=541"}],"curies":[{"name":"wp","href":"https:\/\/api.w.org\/{rel}","templated":true}]}}