{"id":977,"date":"2016-08-24T15:43:21","date_gmt":"2016-08-24T13:43:21","guid":{"rendered":"http:\/\/noegel.de\/?page_id=977"},"modified":"2024-07-10T08:51:02","modified_gmt":"2024-07-10T06:51:02","slug":"unternehmenschronik","status":"publish","type":"page","link":"https:\/\/www.noegel.de\/en\/unternehmenschronik\/","title":{"rendered":"Unternehmenschronik"},"content":{"rendered":"<div class=\"wpb-content-wrapper\">[vc_row][vc_column width=&#8221;1\/2&#8243;][vc_column_text]\n<h1>1981<br \/>\nUnternehmensgr\u00fcndung<\/h1>\n<p>Im Jahre 1981 wird der Betrieb gegr\u00fcndet, das erste Lager wird im Keller des Wohnhauses eingerichtet, ein Hauswirtschaftsraum wird zu einem kleinen B\u00fcro umfunktioniert. Es werden als erstes Schrauben aller Art verkauft.[\/vc_column_text][\/vc_column][vc_column width=&#8221;1\/2&#8243;][vc_single_image image=&#8221;248&#8243; img_size=&#8221;medium&#8221; alignment=&#8221;center&#8221; onclick=&#8221;img_link_large&#8221;][\/vc_column][\/vc_row][vc_row full_width=&#8221;stretch_row&#8221; css=&#8221;.vc_custom_1472104663726{background-color: #fafafa !important;}&#8221;][vc_column width=&#8221;1\/2&#8243;][vc_single_image image=&#8221;292&#8243; img_size=&#8221;medium&#8221; alignment=&#8221;center&#8221; onclick=&#8221;link_image&#8221;][\/vc_column][vc_column width=&#8221;1\/2&#8243;][vc_column_text]\n<h1>1987<br \/>\nErste Lagerhalle<\/h1>\n<p>Nachdem das Lager aufgrund von akutem Platzmangel kurzfristig f\u00fcr einige Wochen nach Hesepe verlegt werden musste, konnte ihm Jahr 1987 am urspr\u00fcnglichen Standort in Twist eine neue Lagerhalle mit 800 m\u00b2 Lagerfl\u00e4che errichtet werden.<\/p>\n<p>Der jetzt freigewordene Keller wurde im gleichen Schritt zum neuen B\u00fcro.[\/vc_column_text][\/vc_column][\/vc_row][vc_row][vc_column width=&#8221;1\/2&#8243;][vc_column_text]\n<h1>1991<br \/>\nLagererweiterung<\/h1>\n<p>Bereits ein Jahr nach der Errichtung der Lagerhalle wird diese zu klein und eine Erweiterung wird notwendig. Auch die Einrichtung des B\u00fcros im Keller erweist sich als nicht praktikabel, deshalb werden neue B\u00fcror\u00e4ume mit in die Lagerhalle integriert.[\/vc_column_text][\/vc_column][vc_column width=&#8221;1\/2&#8243;][\/vc_column][\/vc_row][vc_row full_width=&#8221;stretch_row&#8221; css=&#8221;.vc_custom_1472046552907{background-color: #fafafa !important;}&#8221;][vc_column width=&#8221;1\/2&#8243;][vc_single_image image=&#8221;295&#8243; img_size=&#8221;medium&#8221; alignment=&#8221;center&#8221; onclick=&#8221;link_image&#8221;][\/vc_column][vc_column width=&#8221;1\/2&#8243;][vc_column_text]\n<h1>1992<br \/>\nB\u00fcroerweiterung und Komissionierhalle<\/h1>\n<p>Zu Zeiten des st\u00e4rksten Wachstums des Unternehmens wurden immer wieder Erweiterungen notwendig. So wird im Jahr 1992 das B\u00fcrogeb\u00e4ude zweist\u00f6ckig und mit einer neuen Fassade versehen. Gleichzeitig wird das Lager um eine 1.500 m\u00b2 gro\u00dfe Kommissionierhalle erweitert.[\/vc_column_text][\/vc_column][\/vc_row][vc_row][vc_column width=&#8221;1\/2&#8243;][vc_column_text]\n<h1>1996<br \/>\nHochregallager<\/h1>\n<p>Um die Lieferf\u00e4higkeit weiter zu optimierten und den wachsenden Kundenanspr\u00fcchen gerecht zu bleiben, erfolgte im Jahr 1996 der Bau eines Hochregallagers mit einer H\u00f6he von 12,5 m.[\/vc_column_text][\/vc_column][vc_column width=&#8221;1\/2&#8243;][vc_single_image image=&#8221;297&#8243; img_size=&#8221;medium&#8221; alignment=&#8221;center&#8221; onclick=&#8221;link_image&#8221;][\/vc_column][\/vc_row][vc_row full_width=&#8221;stretch_row&#8221; css=&#8221;.vc_custom_1472046598767{background-color: #fafafa !important;}&#8221;][vc_column width=&#8221;1\/2&#8243;][\/vc_column][vc_column width=&#8221;1\/2&#8243;][vc_column_text]\n<h1>1998<br \/>\nErweiterung Hochregallager<\/h1>\n<p>Auch das Hochregallager ist zu klein, weshalb bereits im Jahr 1998 die erste Erweiterung notwendig wird. Mit Fertigstellung dieser Ausbauma\u00dfnahme nimmt alleine das Hochregallager eine Fl\u00e4che von 70 x 25 m ein. Insgesamt betr\u00e4gt die Lagerfl\u00e4che nun \u00fcber 4.000 m\u00b2.[\/vc_column_text][\/vc_column][\/vc_row][vc_row][vc_column width=&#8221;1\/2&#8243;][vc_column_text]\n<h1>2003<br \/>\nUmstellung auf beleglose Komissionierung<\/h1>\n<p>Ein weiterer wichtiger Schritt ist die Optimierung der Logistik mit Hilfe von Datenfunk-Terminals in Verbindung mit Strichcodes. Durch die beleglose Kommissionierung wurde ein H\u00f6chstma\u00df an Sicherheit geschaffen und Inventuren sind nicht mehr n\u00f6tig.[\/vc_column_text][\/vc_column][vc_column width=&#8221;1\/2&#8243;][vc_single_image image=&#8221;299&#8243; img_size=&#8221;medium&#8221; alignment=&#8221;center&#8221; onclick=&#8221;link_image&#8221;][\/vc_column][\/vc_row][vc_row full_width=&#8221;stretch_row&#8221; css=&#8221;.vc_custom_1472046614982{background-color: #fafafa !important;}&#8221;][vc_column width=&#8221;1\/2&#8243;][vc_single_image image=&#8221;302&#8243; img_size=&#8221;medium&#8221; alignment=&#8221;center&#8221; onclick=&#8221;img_link_large&#8221;][vc_single_image image=&#8221;303&#8243; img_size=&#8221;medium&#8221; alignment=&#8221;center&#8221; onclick=&#8221;img_link_large&#8221;][\/vc_column][vc_column width=&#8221;1\/2&#8243;][vc_column_text]\n<h1>2006<br \/>\nNeues Vertriebszentrum \u2013 Erweiterung Hochregallager<\/h1>\n<p>P\u00fcnktlich zum Jubil\u00e4umsjahr konnten umfangreiche Erweiterungen fertiggestellt werden, hierf\u00fcr wurden \u00fcber 1,5 Mio. EUR investiert. Die gesamte Verwaltung des Unternehmens konnte Anfang des Jahres in den neuen dreist\u00f6ckigen B\u00fcrokomplex umziehen, der mit nach neuesten ergonomischen Kenntnissen geschaffenen<br \/>\nArbeitspl\u00e4tzen ideale Voraussetzungen f\u00fcr die Mitarbeiter des Unternehmens bietet.<\/p>\n<p>Zweiter Baustein der Erweiterung ist die erneute Erweiterung des Hochregallagers um 12 m.[\/vc_column_text][\/vc_column][\/vc_row][vc_row][vc_column width=&#8221;1\/2&#8243;][vc_column_text]\n<h1>2012<br \/>\nErweiterung Lager- und Versandhalle<\/h1>\n<p>Unsere neue Lager- und Versandhalle mit \u00fcber 1.000 m\u00b2 Lagerfl\u00e4che und ca. 400 neuen Paletten Pl\u00e4tzen ist im\u00a0September fertiggestellt worden.<\/p>\n<p>Wir freuen uns \u00fcber den zus\u00e4tzlich gewonnenen Platz zur\u00a0schwerpunktm\u00e4\u00dfigen Lagerung von Paletten Ware. Aber\u00a0auch der Abholbereich f\u00fcr unsere Kunden befindet sich in der\u00a0neuen Lagerhalle<\/p>\n<p>Aber kaum ist der eine Bauabschnitt abgeschlossen, geht es bereits an anderer Stelle weiter. Unser B\u00fcrotrakt wird erweitert.<\/p>\n<p>Auf der alten Fl\u00e4che des Jet-Fast Marktes entstehen auf\u00a0\u00fcber 250 m\u00b2<\/p>\n<ul>\n<li>ein neuer Sitzungssaal<\/li>\n<li>ein Testlabor f\u00fcr unsere QS<\/li>\n<li>neue B\u00fcror\u00e4ume<\/li>\n<\/ul>\n[\/vc_column_text][\/vc_column][vc_column width=&#8221;1\/2&#8243;][vc_single_image image=&#8221;313&#8243; img_size=&#8221;medium&#8221; alignment=&#8221;center&#8221; onclick=&#8221;link_image&#8221;][vc_single_image image=&#8221;312&#8243; img_size=&#8221;medium&#8221; alignment=&#8221;center&#8221; onclick=&#8221;link_image&#8221;][\/vc_column][\/vc_row][vc_row full_width=&#8221;stretch_row&#8221; css=&#8221;.vc_custom_1472046630916{background-color: #fafafa !important;}&#8221;][vc_column][vc_column_text]\n<h1>2013<br \/>\nLuftbild<\/h1>\n[\/vc_column_text][vc_single_image image=&#8221;87&#8243; img_size=&#8221;full&#8221; alignment=&#8221;center&#8221;][\/vc_column][\/vc_row][vc_row][vc_column width=&#8221;1\/2&#8243;][vc_column_text]\n<h1>2013<br \/>\nEr\u00f6ffnung Hotel Drei Linden<\/h1>\n<p>Ende 2013 hat unser Firmenhotel das \u201eHotel Drei Linden\u201c am Marktplatz in Twist ge\u00f6ffnet.<br \/>\nDas in der N\u00e4he des internationalen Naturparks Bourtanger Moor \u2013 Bargerveen unmittelbar an der niederl\u00e4ndischen Grenze gelegene Hotel bietet den G\u00e4sten ein besonderes Ambiente.<\/p>\n<p>Die 14 Zimmer sind ansprechend eingerichtet und laden zum Verweilen ein.<\/p>\n<p><a href=\"http:\/\/www.hotel-drei-linden.com\" target=\"_blank\" rel=\"noopener noreferrer\">www.hotel-drei-linden.com\u00a0<\/a>[\/vc_column_text][\/vc_column][vc_column width=&#8221;1\/2&#8243;][vc_single_image image=&#8221;325&#8243; img_size=&#8221;medium&#8221; alignment=&#8221;center&#8221; onclick=&#8221;link_image&#8221;][\/vc_column][\/vc_row][vc_row full_width=&#8221;stretch_row&#8221; css=&#8221;.vc_custom_1472046643905{background-color: #fafafa !important;}&#8221;][vc_column width=&#8221;1\/2&#8243;][vc_single_image image=&#8221;472&#8243; img_size=&#8221;medium&#8221; alignment=&#8221;center&#8221; onclick=&#8221;link_image&#8221;][\/vc_column][vc_column width=&#8221;1\/2&#8243;][vc_column_text]\n<h1>2015<br \/>\nNeuer Onlineshop<\/h1>\n<p>Unser neuer Onlineshop vereinfacht den Bestellprozess um ein vielfaches.<\/p>\n<p><a href=\"http:\/\/www.noegelshop.de\" target=\"_blank\" rel=\"noopener noreferrer\">www.noegelshop.de <\/a>[\/vc_column_text][\/vc_column][\/vc_row][vc_row][vc_column width=&#8221;1\/2&#8243;][vc_column_text]\n<h1>2016<br \/>\nExklusivvertrieb der Top-Star\u2122 Distanzschraube<\/h1>\n<p>Spannungsfreies installieren von T\u00fcren, Fenster, K\u00fcchenelementen, Decken, Holzb\u00f6den, kurzum \u00fcberall wo man justieren muss auf den 10tel mm genau, da ist die Top-Star richtig.<br \/>\n<span id=\"more-672\"><\/span><br \/>\nEinfach eindrehen bis Kopf eben mit Oberfl\u00e4che, Krone abnehmen und einstellen. Wirklich einfach wie ein Kinderspiel. Und die einzige Distanz, Nivelierschraube die man rausdrehen kann OHNE das zu installierende Produkt zu zerst\u00f6ren![\/vc_column_text][\/vc_column][vc_column width=&#8221;1\/2&#8243;][vc_single_image image=&#8221;290&#8243; img_size=&#8221;medium&#8221; alignment=&#8221;center&#8221; onclick=&#8221;link_image&#8221;][\/vc_column][\/vc_row][vc_row full_width=&#8221;stretch_row&#8221; css=&#8221;.vc_custom_1533891182981{background-color: #fafafa !important;}&#8221;][vc_column width=&#8221;1\/2&#8243;][vc_single_image image=&#8221;2668&#8243; img_size=&#8221;medium&#8221; alignment=&#8221;center&#8221; onclick=&#8221;link_image&#8221;][\/vc_column][vc_column width=&#8221;1\/2&#8243;][vc_column_text]\n<h1>2018<br \/>\nLogistik 4.0<\/h1>\n<div class=\"vc_row wpb_row vc_row-fluid\">\n<div class=\"wpb_column vc_column_container vc_col-md-12\">\n<div class=\"vc_column-inner \">\n<div class=\"wpb_wrapper\">\n<div class=\"wpb_text_column wpb_content_element \">\n<div class=\"wpb_wrapper\">\n<p><strong>Termingerechte Lieferung von Qualit\u00e4tsprodukten \u2013 f\u00fcr das Handwerk DIE Voraussetzung einer langfristigen Zusammenarbeit.<\/strong><\/p>\n<p>Um diesen Anforderungen bei steigendendem Auftragsaufkommen zuk\u00fcnftig noch besser gerecht zu werden, investierte N\u00f6gel in eine automatisierte Logistik.<\/p>\n<p>Mit der Planung hatten wir eine auf Logistik spezialisierte Unternehmensberatung beauftragt. \u00dcber eine automatisierte F\u00f6rdertechnik werden Kommissionierboxen in einem MLS-Shuttle geparkt und bei Vollst\u00e4ndigkeit automatisch ausgelagert.<\/p><\/div>\n<\/div>\n<\/div>\n<\/div>\n<\/div>\n<\/div>\n[\/vc_column_text][\/vc_column][\/vc_row][vc_row][vc_column][vc_column_text][\/vc_column_text][\/vc_column][\/vc_row][vc_row][vc_column width=&#8221;1\/2&#8243;][vc_column_text]\n<h1>2019<br \/>\nN\u00f6gel APP<\/h1>\n<p>Ihr Vorrat an Verbrauchsmaterialien neigt sich dem Ende? Sie wollen schnell eine Bestellung aus dem Lager unternehmen?<br \/>\nKein Problem! Mit der neuen N\u00d6GEL Scan-App k\u00f6nnen Sie in Sekunden Ihren Warenkorb zusammenstellen.<br \/>\nScannen Sie ganz einfach den Barcode auf der Verpackung und schon ist Ihr gew\u00fcnschter Artikel im Warenkorb.<\/p>\n<p>Die Bestellung wird anschlie\u00dfend \u00fcber unseren Webshop ausgel\u00f6st.<\/p>\n<p>Die App ist kostenlos f\u00fcr Android und iOS verf\u00fcgbar.[\/vc_column_text][\/vc_column][vc_column width=&#8221;1\/2&#8243;][vc_single_image image=&#8221;4099&#8243; img_size=&#8221;medium&#8221; alignment=&#8221;center&#8221; onclick=&#8221;link_image&#8221;][\/vc_column][\/vc_row][vc_row full_width=&#8221;stretch_row&#8221; css=&#8221;.vc_custom_1720594173546{background-color: #fafafa !important;}&#8221;][vc_column width=&#8221;1\/2&#8243;][vc_column_text]\n<h1>2020<br \/>\nStart Neubau Hochregallager<\/h1>\n<p>Im November konnten wir endlich mit den ersten Arbeiten zum Bau unseres neuen Hochregallagers <strong>mit \u00fcber 5.000 Palettenstellpl\u00e4tzen<\/strong> sowie des neuen Parkplatzes beginnen. Auf dem Bild sehen Sie den Standort unserer neuen Lagerhalle. Wir haben in den letzten Wochen bereits mit den ersten Vorbereitungen begonnen. Es wurden Z\u00e4une entfernt, um den n\u00f6tigen Platz zum Ausgraben des Fundamentes zu schaffen.[\/vc_column_text][\/vc_column][vc_column width=&#8221;1\/2&#8243;][vc_single_image image=&#8221;4102&#8243; img_size=&#8221;medium&#8221; alignment=&#8221;center&#8221; onclick=&#8221;link_image&#8221;][\/vc_column][\/vc_row][vc_row full_width=&#8221;stretch_row&#8221;][vc_column][vc_column_text]\n<h1>2021<br \/>\nLuftbild<\/h1>\n[\/vc_column_text][vc_single_image image=&#8221;6730&#8243; img_size=&#8221;full&#8221; alignment=&#8221;center&#8221;][\/vc_column][\/vc_row][vc_column][\/vc_column]\n<\/div>","protected":false},"excerpt":{"rendered":"<p>[vc_row][vc_column width=&#8221;1\/2&#8243;][vc_column_text] 1981 Unternehmensgr\u00fcndung Im Jahre 1981 wird der Betrieb gegr\u00fcndet, das erste Lager wird im Keller des Wohnhauses eingerichtet, ein Hauswirtschaftsraum wird zu einem kleinen B\u00fcro umfunktioniert. Es werden als erstes Schrauben aller Art verkauft.[\/vc_column_text][\/vc_column][vc_column width=&#8221;1\/2&#8243;][vc_single_image image=&#8221;248&#8243; img_size=&#8221;medium&#8221; alignment=&#8221;center&#8221; &hellip;<\/p>\n","protected":false},"author":1,"featured_media":0,"parent":0,"menu_order":0,"comment_status":"closed","ping_status":"closed","template":"","meta":{"footnotes":""},"class_list":["post-977","page","type-page","status-publish","hentry"],"translation":{"provider":"WPGlobus","version":"3.0.2","language":"en","enabled_languages":["de","nl","en"],"languages":{"de":{"title":true,"content":true,"excerpt":false},"nl":{"title":true,"content":true,"excerpt":false},"en":{"title":false,"content":false,"excerpt":false}}},"yoast_head":"<!-- This site is optimized with the Yoast SEO plugin v27.3 - https:\/\/yoast.com\/product\/yoast-seo-wordpress\/ -->\n<title>- N\u00d6GEL Montagetechnik<\/title>\n<meta name=\"robots\" content=\"index, follow, max-snippet:-1, max-image-preview:large, max-video-preview:-1\" \/>\n<link rel=\"canonical\" href=\"https:\/\/www.noegel.de\/unternehmenschronik\/\" \/>\n<meta property=\"og:locale\" content=\"en_US\" \/>\n<meta property=\"og:type\" content=\"article\" \/>\n<meta property=\"og:title\" content=\"- N\u00d6GEL Montagetechnik\" \/>\n<meta property=\"og:url\" content=\"https:\/\/www.noegel.de\/unternehmenschronik\/\" \/>\n<meta property=\"og:site_name\" content=\"N\u00d6GEL Montagetechnik\" \/>\n<meta property=\"article:publisher\" content=\"https:\/\/www.facebook.com\/noegel.montagetechnik\" \/>\n<meta property=\"article:modified_time\" content=\"2024-07-10T06:51:02+00:00\" \/>\n<meta name=\"twitter:card\" content=\"summary_large_image\" \/>\n<meta name=\"twitter:label1\" content=\"Est. reading time\" \/>\n\t<meta name=\"twitter:data1\" content=\"5 minutes\" \/>\n<script type=\"application\/ld+json\" class=\"yoast-schema-graph\">{\"@context\":\"https:\\\/\\\/schema.org\",\"@graph\":[{\"@type\":\"WebPage\",\"@id\":\"https:\\\/\\\/www.noegel.de\\\/unternehmenschronik\\\/\",\"url\":\"https:\\\/\\\/www.noegel.de\\\/unternehmenschronik\\\/\",\"name\":\"- N\u00d6GEL Montagetechnik\",\"isPartOf\":{\"@id\":\"https:\\\/\\\/www.noegel.de\\\/#website\"},\"datePublished\":\"2016-08-24T13:43:21+00:00\",\"dateModified\":\"2024-07-10T06:51:02+00:00\",\"breadcrumb\":{\"@id\":\"https:\\\/\\\/www.noegel.de\\\/unternehmenschronik\\\/#breadcrumb\"},\"inLanguage\":\"en-US\",\"potentialAction\":[{\"@type\":\"ReadAction\",\"target\":[\"https:\\\/\\\/www.noegel.de\\\/unternehmenschronik\\\/\"]}]},{\"@type\":\"BreadcrumbList\",\"@id\":\"https:\\\/\\\/www.noegel.de\\\/unternehmenschronik\\\/#breadcrumb\",\"itemListElement\":[{\"@type\":\"ListItem\",\"position\":1,\"name\":\"Startseite\",\"item\":\"https:\\\/\\\/www.noegel.de\\\/\"},{\"@type\":\"ListItem\",\"position\":2,\"name\":\"Unternehmenschronik\"}]},{\"@type\":\"WebSite\",\"@id\":\"https:\\\/\\\/www.noegel.de\\\/#website\",\"url\":\"https:\\\/\\\/www.noegel.de\\\/\",\"name\":\"N\u00d6GEL Montagetechnik\",\"description\":\"...die gute Verbindung\",\"potentialAction\":[{\"@type\":\"SearchAction\",\"target\":{\"@type\":\"EntryPoint\",\"urlTemplate\":\"https:\\\/\\\/www.noegel.de\\\/?s={search_term_string}\"},\"query-input\":{\"@type\":\"PropertyValueSpecification\",\"valueRequired\":true,\"valueName\":\"search_term_string\"}}],\"inLanguage\":\"en-US\"}]}<\/script>\n<!-- \/ Yoast SEO plugin. -->","yoast_head_json":{"title":"- N\u00d6GEL Montagetechnik","robots":{"index":"index","follow":"follow","max-snippet":"max-snippet:-1","max-image-preview":"max-image-preview:large","max-video-preview":"max-video-preview:-1"},"canonical":"https:\/\/www.noegel.de\/unternehmenschronik\/","og_locale":"en_US","og_type":"article","og_title":"- N\u00d6GEL Montagetechnik","og_url":"https:\/\/www.noegel.de\/unternehmenschronik\/","og_site_name":"N\u00d6GEL Montagetechnik","article_publisher":"https:\/\/www.facebook.com\/noegel.montagetechnik","article_modified_time":"2024-07-10T06:51:02+00:00","twitter_card":"summary_large_image","twitter_misc":{"Est. reading time":"5 minutes"},"schema":{"@context":"https:\/\/schema.org","@graph":[{"@type":"WebPage","@id":"https:\/\/www.noegel.de\/unternehmenschronik\/","url":"https:\/\/www.noegel.de\/unternehmenschronik\/","name":"- N\u00d6GEL Montagetechnik","isPartOf":{"@id":"https:\/\/www.noegel.de\/#website"},"datePublished":"2016-08-24T13:43:21+00:00","dateModified":"2024-07-10T06:51:02+00:00","breadcrumb":{"@id":"https:\/\/www.noegel.de\/unternehmenschronik\/#breadcrumb"},"inLanguage":"en-US","potentialAction":[{"@type":"ReadAction","target":["https:\/\/www.noegel.de\/unternehmenschronik\/"]}]},{"@type":"BreadcrumbList","@id":"https:\/\/www.noegel.de\/unternehmenschronik\/#breadcrumb","itemListElement":[{"@type":"ListItem","position":1,"name":"Startseite","item":"https:\/\/www.noegel.de\/"},{"@type":"ListItem","position":2,"name":"Unternehmenschronik"}]},{"@type":"WebSite","@id":"https:\/\/www.noegel.de\/#website","url":"https:\/\/www.noegel.de\/","name":"N\u00d6GEL Montagetechnik","description":"...die gute Verbindung","potentialAction":[{"@type":"SearchAction","target":{"@type":"EntryPoint","urlTemplate":"https:\/\/www.noegel.de\/?s={search_term_string}"},"query-input":{"@type":"PropertyValueSpecification","valueRequired":true,"valueName":"search_term_string"}}],"inLanguage":"en-US"}]}},"_links":{"self":[{"href":"https:\/\/www.noegel.de\/en\/wp-json\/wp\/v2\/pages\/977","targetHints":{"allow":["GET"]}}],"collection":[{"href":"https:\/\/www.noegel.de\/en\/wp-json\/wp\/v2\/pages"}],"about":[{"href":"https:\/\/www.noegel.de\/en\/wp-json\/wp\/v2\/types\/page"}],"author":[{"embeddable":true,"href":"https:\/\/www.noegel.de\/en\/wp-json\/wp\/v2\/users\/1"}],"replies":[{"embeddable":true,"href":"https:\/\/www.noegel.de\/en\/wp-json\/wp\/v2\/comments?post=977"}],"version-history":[{"count":10,"href":"https:\/\/www.noegel.de\/en\/wp-json\/wp\/v2\/pages\/977\/revisions"}],"predecessor-version":[{"id":10377,"href":"https:\/\/www.noegel.de\/en\/wp-json\/wp\/v2\/pages\/977\/revisions\/10377"}],"wp:attachment":[{"href":"https:\/\/www.noegel.de\/en\/wp-json\/wp\/v2\/media?parent=977"}],"curies":[{"name":"wp","href":"https:\/\/api.w.org\/{rel}","templated":true}]}}