{"id":12774,"date":"2026-04-09T15:44:50","date_gmt":"2026-04-09T13:44:50","guid":{"rendered":"https:\/\/www.noegel.de\/?page_id=12774"},"modified":"2026-04-10T10:19:46","modified_gmt":"2026-04-10T08:19:46","slug":"jf-workwear","status":"publish","type":"page","link":"https:\/\/www.noegel.de\/nl\/jf-workwear\/","title":{"rendered":"JF Workwear"},"content":{"rendered":"<div class=\"wpb-content-wrapper\">[vc_row full_width=&#8221;stretch_row_content_no_spaces&#8221; content_placement=&#8221;middle&#8221; el_id=&#8221;pc&#8221;][vc_column parallax=&#8221;content-moving&#8221; parallax_image=&#8221;13148&#8243; offset=&#8221;vc_hidden-sm vc_hidden-xs&#8221;][vc_single_image image=&#8221;12786&#8243; img_size=&#8221;179&#215;224&#8243; alignment=&#8221;center&#8221; css=&#8221;&#8221;][vc_column_text css=&#8221;.vc_custom_1775808948953{margin-right: 250px !important;margin-left: 250px !important;padding-top: 20px !important;padding-right: 20px !important;padding-bottom: 20px !important;padding-left: 20px !important;background-color: #FFFFFFB5 !important;}&#8221;]\n<h1 class=\"heading-middle style-1\" style=\"text-align: center;\">JF Workwear \u2013 f\u00fcr alle, die anpacken.<\/h1>\n<p style=\"text-align: center;\">Entdecken Sie unsere<strong> hauseigene Arbeitskleidungsmarke.<\/strong><br \/>\nVom Handwerk inspiriert, f\u00fcr den Alltag gemacht: Unsere neue Eigenmarke vereint <strong>Funktion, Komfort und modernen Stil<\/strong>. Ob Softshelljacke, Hoodie, Shirt, Stretchbandg\u00fcrtel, Bundhose oder Shorts \u2013 jedes Kleidungsst\u00fcck \u00fcberzeugt mit praktischen Details, <strong>robuster Verarbeitung<\/strong> und <strong>hohem Tragekomfort<\/strong>. <strong>Wasserabweisend, wetterfest<\/strong> und mit modernem Schnitt ist Jet-Fast\u00ae Workwear die richtige Wahl f\u00fcr Profis, die Wert auf <strong>Qualit\u00e4t<\/strong> und ein angenehmes Tragegef\u00fchl legen. Ihr Kundenbetreuer steht Ihnen bei Interesse gerne beratend zur Seite.<\/p>\n[\/vc_column_text][\/vc_column][\/vc_row][vc_row full_width=&#8221;stretch_row_content_no_spaces&#8221; content_placement=&#8221;middle&#8221; el_id=&#8221;mobil&#8221;][vc_column parallax=&#8221;content-moving&#8221; parallax_image=&#8221;13148&#8243; offset=&#8221;vc_hidden-lg vc_hidden-md&#8221;][vc_single_image image=&#8221;12786&#8243; img_size=&#8221;179&#215;224&#8243; alignment=&#8221;center&#8221; css=&#8221;&#8221;][vc_column_text css=&#8221;.vc_custom_1775807449324{margin-right: 30px !important;margin-left: 30px !important;padding-top: 20px !important;padding-right: 20px !important;padding-bottom: 20px !important;padding-left: 20px !important;background-color: #FFFFFFB5 !important;}&#8221;]\n<h1 class=\"heading-middle style-1\" style=\"text-align: center;\">JF Workwear \u2013 f\u00fcr alle, die anpacken.<\/h1>\n<p style=\"text-align: center;\">Entdecken Sie unsere<strong> hauseigene Arbeitskleidungsmarke.<\/strong><br \/>\nVom Handwerk inspiriert, f\u00fcr den Alltag gemacht: Unsere neue Eigenmarke vereint <strong>Funktion, Komfort und modernen Stil<\/strong>. Ob Softshelljacke, Hoodie, Shirt, Stretchbandg\u00fcrtel, Bundhose oder Shorts \u2013 jedes Kleidungsst\u00fcck \u00fcberzeugt mit praktischen Details, <strong>robuster Verarbeitung<\/strong> und <strong>hohem Tragekomfort<\/strong>. <strong>Wasserabweisend, wetterfest<\/strong> und mit modernem Schnitt ist Jet-Fast\u00ae Workwear die richtige Wahl f\u00fcr Profis, die Wert auf <strong>Qualit\u00e4t<\/strong> und ein angenehmes Tragegef\u00fchl legen. Ihr Kundenbetreuer steht Ihnen bei Interesse gerne beratend zur Seite.<\/p>\n[\/vc_column_text][\/vc_column][\/vc_row][vc_row][vc_column width=&#8221;1\/2&#8243;][vc_single_image image=&#8221;13014&#8243; img_size=&#8221;full&#8221; onclick=&#8221;link_image&#8221; css=&#8221;&#8221;][\/vc_column][vc_column width=&#8221;1\/2&#8243;][vc_column_text css=&#8221;&#8221;]\n<h2>JF Bundhose<\/h2>\n<ul style=\"list-style-type: square;\">\n<li>Stretchstoff<\/li>\n<li>Gerader Schnitt<\/li>\n<li>3-Nadel-Steppn\u00e4hte an beanspruchten Stellen<\/li>\n<li>Reflektoren f\u00fcr gute Sichtbarkeit<\/li>\n<li>Rei\u00dfvershluss am Hosenschlitz<\/li>\n<li>Klettverschl\u00fcsse an den Patten<\/li>\n<li>6 einfache G\u00fcrtelschlaufen,gro\u00dfe G\u00fcrtelschlaufe hinten<\/li>\n<li>Knietaschen mit Patte f\u00fcr separate Kniepolster<\/li>\n<li>2 Eingrifftaschen<\/li>\n<li>2 Ges\u00e4\u00dftaschen ( 1 mit Patte, 1 ohne)<\/li>\n<li>1 Werkzeugtasche hinten rechts (Werkzeugschlaufen, 3 kleine F\u00e4cher)<\/li>\n<li>1 Werkzeugtasche vorne links mit Patte (Werkzeugschlaufe, 3 kleine F\u00e4cher, 1 gro\u00dfes Fach)<\/li>\n<\/ul>\n[\/vc_column_text][vc_btn title=&#8221;Mehr Informationen&#8221; style=&#8221;custom&#8221; custom_background=&#8221;#005C54&#8243; custom_text=&#8221;#FFFFFF&#8221; i_icon_fontawesome=&#8221;fas fa-info-circle&#8221; css=&#8221;&#8221; add_icon=&#8221;true&#8221; link=&#8221;url:https%3A%2F%2Fwww.noegel.de%2Fwp-content%2Fuploads%2F2026%2F04%2FJF_Workwear__Bundhose.pdf|target:_blank&#8221;][vc_btn title=&#8221;Jetzt kaufen&#8221; style=&#8221;custom&#8221; custom_background=&#8221;#005C54&#8243; custom_text=&#8221;#FFFFFF&#8221; i_icon_fontawesome=&#8221;fas fa-shopping-cart&#8221; css=&#8221;&#8221; add_icon=&#8221;true&#8221; link=&#8221;url:https%3A%2F%2Fshop.noegel.de%2Fdetail%2Findex%2FsArticle%2F36295%2FsCategory%2F1667|target:_blank&#8221;][\/vc_column][\/vc_row][vc_row full_width=&#8221;stretch_row&#8221; css=&#8221;.vc_custom_1775807039373{background-color: #F2F2F2 !important;}&#8221; el_id=&#8221;pc&#8221; el_class=&#8221;page-pc&#8221;][vc_column width=&#8221;1\/2&#8243;][vc_column_text css=&#8221;&#8221;]\n<h2>Shorts<\/h2>\n<ul style=\"list-style-type: square;\">\n<li>Stretchstoff<\/li>\n<li>Gerader Schnitt<\/li>\n<li>3-Nadel-Steppn\u00e4hte an beanspruchten Stellen<\/li>\n<li>Reflektoren f\u00fcr gute Sichtbarkeit<\/li>\n<li>Rei\u00dfvershluss am Hosenschlitz<\/li>\n<li>Klettverschl\u00fcsse an den Patten<\/li>\n<li>6 einfache G\u00fcrtelschlaufen, gro\u00dfe G\u00fcrtelschlaufe hinten<\/li>\n<li>2 Eingrifftaschen<\/li>\n<li>2 Ges\u00e4\u00dftaschen ( 1 mit Patte, 1 ohne)<\/li>\n<li>1 Werkzeugtasche hinten rechts (Werkzeugschlaufen, 3 kleine F\u00e4cher)<\/li>\n<li>1 Werkzeugtasche vorne links mit Patte (Werkzeugschlaufe, 3 kleine F\u00e4cher, 1 gro\u00dfes Fach)<\/li>\n<\/ul>\n<p>&nbsp;<\/p>\n[\/vc_column_text][vc_btn title=&#8221;Mehr Informationen&#8221; style=&#8221;custom&#8221; custom_background=&#8221;#005C54&#8243; custom_text=&#8221;#FFFFFF&#8221; i_icon_fontawesome=&#8221;fas fa-info-circle&#8221; css=&#8221;&#8221; add_icon=&#8221;true&#8221; link=&#8221;url:https%3A%2F%2Fwww.noegel.de%2Fwp-content%2Fuploads%2F2026%2F04%2FJF_Workwear__Shorts.pdf|target:_blank&#8221;][vc_btn title=&#8221;Jetzt kaufen&#8221; style=&#8221;custom&#8221; custom_background=&#8221;#005C54&#8243; custom_text=&#8221;#FFFFFF&#8221; i_icon_fontawesome=&#8221;fas fa-shopping-cart&#8221; css=&#8221;&#8221; add_icon=&#8221;true&#8221; link=&#8221;url:https%3A%2F%2Fshop.noegel.de%2Fdetail%2Findex%2FsArticle%2F36051%2FsCategory%2F3785|target:_blank&#8221;][\/vc_column][vc_column width=&#8221;1\/2&#8243;][vc_single_image image=&#8221;13035&#8243; img_size=&#8221;full&#8221; onclick=&#8221;link_image&#8221; css=&#8221;&#8221;][\/vc_column][\/vc_row][vc_row full_width=&#8221;stretch_row&#8221; css=&#8221;.vc_custom_1775807048714{background-color: #F2F2F2 !important;}&#8221; el_id=&#8221;mobil&#8221; el_class=&#8221;page-mobil&#8221;][vc_column width=&#8221;1\/2&#8243;][vc_single_image image=&#8221;13035&#8243; img_size=&#8221;full&#8221; onclick=&#8221;link_image&#8221; css=&#8221;&#8221;][\/vc_column][vc_column width=&#8221;1\/2&#8243;][vc_column_text css=&#8221;&#8221;]\n<h2>Shorts<\/h2>\n<ul style=\"list-style-type: square;\">\n<li>Stretchstoff<\/li>\n<li>Gerader Schnitt<\/li>\n<li>3-Nadel-Steppn\u00e4hte an beanspruchten Stellen<\/li>\n<li>Reflektoren f\u00fcr gute Sichtbarkeit<\/li>\n<li>Rei\u00dfvershluss am Hosenschlitz<\/li>\n<li>Klettverschl\u00fcsse an den Patten<\/li>\n<li>6 einfache G\u00fcrtelschlaufen, gro\u00dfe G\u00fcrtelschlaufe hinten<\/li>\n<li>2 Eingrifftaschen<\/li>\n<li>2 Ges\u00e4\u00dftaschen ( 1 mit Patte, 1 ohne)<\/li>\n<li>1 Werkzeugtasche hinten rechts (Werkzeugschlaufen, 3 kleine F\u00e4cher)<\/li>\n<li>1 Werkzeugtasche vorne links mit Patte (Werkzeugschlaufe, 3 kleine F\u00e4cher, 1 gro\u00dfes Fach)<\/li>\n<\/ul>\n<p>&nbsp;<\/p>\n[\/vc_column_text][vc_btn title=&#8221;Mehr Informationen&#8221; style=&#8221;custom&#8221; custom_background=&#8221;#005C54&#8243; custom_text=&#8221;#FFFFFF&#8221; i_icon_fontawesome=&#8221;fas fa-info-circle&#8221; css=&#8221;&#8221; add_icon=&#8221;true&#8221; link=&#8221;url:https%3A%2F%2Fwww.noegel.de%2Fwp-content%2Fuploads%2F2026%2F04%2FJF_Workwear__Shorts.pdf|target:_blank&#8221;][vc_btn title=&#8221;Jetzt kaufen&#8221; style=&#8221;custom&#8221; custom_background=&#8221;#005C54&#8243; custom_text=&#8221;#FFFFFF&#8221; i_icon_fontawesome=&#8221;fas fa-shopping-cart&#8221; css=&#8221;&#8221; add_icon=&#8221;true&#8221; link=&#8221;url:https%3A%2F%2Fshop.noegel.de%2Fdetail%2Findex%2FsArticle%2F36051%2FsCategory%2F3785|target:_blank&#8221;][\/vc_column][\/vc_row][vc_row][vc_column width=&#8221;1\/2&#8243;][vc_single_image image=&#8221;13038&#8243; img_size=&#8221;full&#8221; onclick=&#8221;link_image&#8221; css=&#8221;&#8221;][\/vc_column][vc_column width=&#8221;1\/2&#8243;][vc_column_text css=&#8221;&#8221;]\n<h2>T-Shirt<\/h2>\n<ul style=\"list-style-type: square;\">\n<li>Rundhals<\/li>\n<li>Angenehmes, weiches Gewebe<\/li>\n<li>Legere Passform<\/li>\n<li>Ton-in-Ton-N\u00e4hte<\/li>\n<li>Halsausschnitt mit Nackenband<\/li>\n<li>Eingesetzte \u00c4rmel<\/li>\n<li>Praktischer Aufh\u00e4nger innen am Kragen<\/li>\n<li>Seitenn\u00e4hte f\u00fcr optimale Passform<\/li>\n<\/ul>\n[\/vc_column_text][vc_btn title=&#8221;Mehr Informationen&#8221; style=&#8221;custom&#8221; custom_background=&#8221;#005C54&#8243; custom_text=&#8221;#FFFFFF&#8221; i_icon_fontawesome=&#8221;fas fa-info-circle&#8221; css=&#8221;&#8221; add_icon=&#8221;true&#8221; link=&#8221;url:https%3A%2F%2Fwww.noegel.de%2Fwp-content%2Fuploads%2F2026%2F04%2FJF_Workwear__Shirt.pdf|target:_blank&#8221;][vc_btn title=&#8221;Jetzt kaufen&#8221; style=&#8221;custom&#8221; custom_background=&#8221;#005C54&#8243; custom_text=&#8221;#FFFFFF&#8221; i_icon_fontawesome=&#8221;fas fa-shopping-cart&#8221; css=&#8221;&#8221; add_icon=&#8221;true&#8221; link=&#8221;url:https%3A%2F%2Fshop.noegel.de%2Fdetail%2Findex%2FsArticle%2F36029%2FsCategory%2F3785|target:_blank&#8221;][\/vc_column][\/vc_row][vc_row full_width=&#8221;stretch_row&#8221; css=&#8221;.vc_custom_1775807102811{background-color: #F2F2F2 !important;}&#8221; el_id=&#8221;pc&#8221; el_class=&#8221;page-pc&#8221;][vc_column width=&#8221;1\/2&#8243;][vc_column_text css=&#8221;&#8221;]\n<h2>Hoodie<\/h2>\n<ul style=\"list-style-type: square;\">\n<li>Extra dicke, hochwertige Sweatware<\/li>\n<li>Ton-in-Ton-N\u00e4hte<\/li>\n<li>Doppellagige Kapuze mit Metall\u00f6sen<\/li>\n<li>Kapuze mit verstellbarem Flachkordelzug<\/li>\n<li>Gro\u00dfz\u00fcgige Fronttasche mit softer Innenseite<\/li>\n<li>Halsausschnitt mit Nackenband<\/li>\n<li>Praktischer Aufh\u00e4nger innen am Kragen<\/li>\n<li>Elastische Rippb\u00fcndchen an \u00c4rmeln und Saum<\/li>\n<li>Seitenn\u00e4hte f\u00fcr optimale Passform<\/li>\n<\/ul>\n<p>&nbsp;<\/p>\n[\/vc_column_text][vc_btn title=&#8221;Mehr Informationen&#8221; style=&#8221;custom&#8221; custom_background=&#8221;#005C54&#8243; custom_text=&#8221;#FFFFFF&#8221; i_icon_fontawesome=&#8221;fas fa-info-circle&#8221; css=&#8221;&#8221; add_icon=&#8221;true&#8221; link=&#8221;url:https%3A%2F%2Fwww.noegel.de%2Fwp-content%2Fuploads%2F2026%2F04%2FJF_Workwear__Hoodie.pdf|target:_blank&#8221;][vc_btn title=&#8221;Jetzt kaufen&#8221; style=&#8221;custom&#8221; custom_background=&#8221;#005C54&#8243; custom_text=&#8221;#FFFFFF&#8221; i_icon_fontawesome=&#8221;fas fa-shopping-cart&#8221; css=&#8221;&#8221; add_icon=&#8221;true&#8221; link=&#8221;url:https%3A%2F%2Fshop.noegel.de%2Fdetail%2Findex%2FsArticle%2F34770%2FsCategory%2F3068|target:_blank&#8221;][\/vc_column][vc_column width=&#8221;1\/2&#8243;][vc_single_image image=&#8221;13040&#8243; img_size=&#8221;full&#8221; onclick=&#8221;link_image&#8221; css=&#8221;&#8221;][\/vc_column][\/vc_row][vc_row full_width=&#8221;stretch_row&#8221; css=&#8221;.vc_custom_1775807113218{background-color: #F2F2F2 !important;}&#8221; el_id=&#8221;mobil&#8221; el_class=&#8221;page-mobil&#8221;][vc_column width=&#8221;1\/2&#8243;][vc_single_image image=&#8221;13040&#8243; img_size=&#8221;full&#8221; onclick=&#8221;link_image&#8221; css=&#8221;&#8221;][\/vc_column][vc_column width=&#8221;1\/2&#8243;][vc_column_text css=&#8221;&#8221;]\n<h2>Hoodie<\/h2>\n<ul style=\"list-style-type: square;\">\n<li>Extra dicke, hochwertige Sweatware<\/li>\n<li>Ton-in-Ton-N\u00e4hte<\/li>\n<li>Doppellagige Kapuze mit Metall\u00f6sen<\/li>\n<li>Kapuze mit verstellbarem Flachkordelzug<\/li>\n<li>Gro\u00dfz\u00fcgige Fronttasche mit softer Innenseite<\/li>\n<li>Halsausschnitt mit Nackenband<\/li>\n<li>Praktischer Aufh\u00e4nger innen am Kragen<\/li>\n<li>Elastische Rippb\u00fcndchen an \u00c4rmeln und Saum<\/li>\n<li>Seitenn\u00e4hte f\u00fcr optimale Passform<\/li>\n<\/ul>\n<p>&nbsp;<\/p>\n[\/vc_column_text][vc_btn title=&#8221;Mehr Informationen&#8221; style=&#8221;custom&#8221; custom_background=&#8221;#005C54&#8243; custom_text=&#8221;#FFFFFF&#8221; i_icon_fontawesome=&#8221;fas fa-info-circle&#8221; css=&#8221;&#8221; add_icon=&#8221;true&#8221; link=&#8221;url:https%3A%2F%2Fwww.noegel.de%2Fwp-content%2Fuploads%2F2026%2F04%2FJF_Workwear__Hoodie.pdf|target:_blank&#8221;][vc_btn title=&#8221;Jetzt kaufen&#8221; style=&#8221;custom&#8221; custom_background=&#8221;#005C54&#8243; custom_text=&#8221;#FFFFFF&#8221; i_icon_fontawesome=&#8221;fas fa-shopping-cart&#8221; css=&#8221;&#8221; add_icon=&#8221;true&#8221; link=&#8221;url:https%3A%2F%2Fshop.noegel.de%2Fdetail%2Findex%2FsArticle%2F34770%2FsCategory%2F3068|target:_blank&#8221;][\/vc_column][\/vc_row][vc_row][vc_column width=&#8221;1\/2&#8243;][vc_single_image image=&#8221;13041&#8243; img_size=&#8221;full&#8221; onclick=&#8221;link_image&#8221; css=&#8221;&#8221;][\/vc_column][vc_column width=&#8221;1\/2&#8243;][vc_column_text css=&#8221;&#8221;]\n<h2>Softshelljacke<\/h2>\n<ul style=\"list-style-type: square;\">\n<li>Wasserabweisend und winddicht<\/li>\n<li>Vier praktische Taschen<\/li>\n<li>Angenehmes Stretch Gewebe<\/li>\n<li>Reflektierende Streifen an den Armen<\/li>\n<li>Klettverschl\u00fcsse an den \u00c4rmeln<\/li>\n<li>\u00c4rmelb\u00fcndchen mit Daumenloch<\/li>\n<\/ul>\n[\/vc_column_text][vc_btn title=&#8221;Mehr Informationen&#8221; style=&#8221;custom&#8221; custom_background=&#8221;#005C54&#8243; custom_text=&#8221;#FFFFFF&#8221; i_icon_fontawesome=&#8221;fas fa-info-circle&#8221; css=&#8221;&#8221; add_icon=&#8221;true&#8221; link=&#8221;url:https%3A%2F%2Fwww.noegel.de%2Fwp-content%2Fuploads%2F2026%2F04%2FJF_Workwear__Softshelljacke.pdf|target:_blank&#8221;][vc_btn title=&#8221;Jetzt kaufen&#8221; style=&#8221;custom&#8221; custom_background=&#8221;#005C54&#8243; custom_text=&#8221;#FFFFFF&#8221; i_icon_fontawesome=&#8221;fas fa-shopping-cart&#8221; css=&#8221;&#8221; add_icon=&#8221;true&#8221; link=&#8221;url:https%3A%2F%2Fshop.noegel.de%2Fdetail%2Findex%2FsArticle%2F35452%2FsCategory%2F3785|target:_blank&#8221;][\/vc_column][\/vc_row][vc_row full_width=&#8221;stretch_row&#8221; css=&#8221;.vc_custom_1775807133702{background-color: #F2F2F2 !important;}&#8221; el_id=&#8221;pc&#8221; el_class=&#8221;page-pc&#8221;][vc_column width=&#8221;1\/2&#8243;][vc_column_text css=&#8221;&#8221;]\n<h2>Stretchbandg\u00fcrtel<\/h2>\n<ul style=\"list-style-type: square;\">\n<li>Mit Qualit\u00e4ts-Metallschnalle<\/li>\n<li>Stufenlos verstellbar<\/li>\n<li>40 mm breit<\/li>\n<li>Selbst k\u00fcrzbar<\/li>\n<\/ul>\n[\/vc_column_text][vc_btn title=&#8221;Mehr Informationen&#8221; style=&#8221;custom&#8221; custom_background=&#8221;#005C54&#8243; custom_text=&#8221;#FFFFFF&#8221; i_icon_fontawesome=&#8221;fas fa-info-circle&#8221; css=&#8221;&#8221; add_icon=&#8221;true&#8221; link=&#8221;url:https%3A%2F%2Fwww.noegel.de%2Fwp-content%2Fuploads%2F2026%2F04%2FJF_Workwear__Hoodie.pdf|target:_blank&#8221;][\/vc_column][vc_column width=&#8221;1\/2&#8243;][vc_single_image image=&#8221;13043&#8243; img_size=&#8221;full&#8221; onclick=&#8221;link_image&#8221; css=&#8221;&#8221;][\/vc_column][\/vc_row][vc_row full_width=&#8221;stretch_row&#8221; css=&#8221;.vc_custom_1775807145107{background-color: #F2F2F2 !important;}&#8221; el_id=&#8221;mobil&#8221; el_class=&#8221;page-mobil&#8221;][vc_column width=&#8221;1\/2&#8243;][vc_single_image image=&#8221;13043&#8243; img_size=&#8221;full&#8221; onclick=&#8221;link_image&#8221; css=&#8221;&#8221;][\/vc_column][vc_column width=&#8221;1\/2&#8243;][vc_column_text css=&#8221;&#8221;]\n<h2>Stretchbandg\u00fcrtel<\/h2>\n<ul style=\"list-style-type: square;\">\n<li>Mit Qualit\u00e4ts-Metallschnalle<\/li>\n<li>Stufenlos verstellbar<\/li>\n<li>40 mm breit<\/li>\n<li>Selbst k\u00fcrzbar<\/li>\n<\/ul>\n[\/vc_column_text][vc_btn title=&#8221;Mehr Informationen&#8221; style=&#8221;custom&#8221; custom_background=&#8221;#005C54&#8243; custom_text=&#8221;#FFFFFF&#8221; i_icon_fontawesome=&#8221;fas fa-info-circle&#8221; css=&#8221;&#8221; add_icon=&#8221;true&#8221; link=&#8221;url:https%3A%2F%2Fwww.noegel.de%2Fwp-content%2Fuploads%2F2026%2F04%2FJF_Workwear__Hoodie.pdf|target:_blank&#8221;][\/vc_column][\/vc_row][vc_column][vc_single_image image=&#8221;12794&#8243; img_size=&#8221;medium&#8221; alignment=&#8221;center&#8221; css=&#8221;&#8221;][\/vc_column]\n<\/div>","protected":false},"excerpt":{"rendered":"<p>[vc_row full_width=&#8221;stretch_row_content_no_spaces&#8221; content_placement=&#8221;middle&#8221; el_id=&#8221;pc&#8221;][vc_column parallax=&#8221;content-moving&#8221; parallax_image=&#8221;13148&#8243; offset=&#8221;vc_hidden-sm vc_hidden-xs&#8221;][vc_single_image image=&#8221;12786&#8243; img_size=&#8221;179&#215;224&#8243; alignment=&#8221;center&#8221; css=&#8221;&#8221;][vc_column_text css=&#8221;.vc_custom_1775808948953{margin-right: 250px !important;margin-left: 250px !important;padding-top: 20px !important;padding-right: 20px !important;padding-bottom: 20px !important;padding-left: 20px !important;background-color: #FFFFFFB5 !important;}&#8221;] JF Workwear \u2013 f\u00fcr alle, die anpacken. Entdecken Sie unsere hauseigene Arbeitskleidungsmarke. Vom &hellip;<\/p>\n","protected":false},"author":11,"featured_media":0,"parent":0,"menu_order":0,"comment_status":"closed","ping_status":"closed","template":"","meta":{"footnotes":""},"class_list":["post-12774","page","type-page","status-publish","hentry"],"translation":{"provider":"WPGlobus","version":"3.0.2","language":"nl","enabled_languages":["de","nl","en"],"languages":{"de":{"title":true,"content":true,"excerpt":false},"nl":{"title":false,"content":false,"excerpt":false},"en":{"title":false,"content":false,"excerpt":false}}},"yoast_head":"<!-- This site is optimized with the Yoast SEO plugin v27.3 - https:\/\/yoast.com\/product\/yoast-seo-wordpress\/ -->\n<title>JF Workwear - N\u00d6GEL Montagetechnik<\/title>\n<meta name=\"robots\" content=\"index, follow, max-snippet:-1, max-image-preview:large, max-video-preview:-1\" \/>\n<link rel=\"canonical\" href=\"https:\/\/www.noegel.de\/jf-workwear\/\" \/>\n<meta property=\"og:locale\" content=\"nl_NL\" \/>\n<meta property=\"og:type\" content=\"article\" \/>\n<meta property=\"og:title\" content=\"JF Workwear - N\u00d6GEL Montagetechnik\" \/>\n<meta property=\"og:url\" content=\"https:\/\/www.noegel.de\/jf-workwear\/\" \/>\n<meta property=\"og:site_name\" content=\"N\u00d6GEL Montagetechnik\" \/>\n<meta property=\"article:publisher\" content=\"https:\/\/www.facebook.com\/noegel.montagetechnik\" \/>\n<meta property=\"article:modified_time\" content=\"2026-04-10T08:19:46+00:00\" \/>\n<meta name=\"twitter:card\" content=\"summary_large_image\" \/>\n<meta name=\"twitter:label1\" content=\"Geschatte leestijd\" \/>\n\t<meta name=\"twitter:data1\" content=\"8 minuten\" \/>\n<script type=\"application\/ld+json\" class=\"yoast-schema-graph\">{\"@context\":\"https:\\\/\\\/schema.org\",\"@graph\":[{\"@type\":\"WebPage\",\"@id\":\"https:\\\/\\\/www.noegel.de\\\/jf-workwear\\\/\",\"url\":\"https:\\\/\\\/www.noegel.de\\\/jf-workwear\\\/\",\"name\":\"JF Workwear - N\u00d6GEL Montagetechnik\",\"isPartOf\":{\"@id\":\"https:\\\/\\\/www.noegel.de\\\/#website\"},\"datePublished\":\"2026-04-09T13:44:50+00:00\",\"dateModified\":\"2026-04-10T08:19:46+00:00\",\"breadcrumb\":{\"@id\":\"https:\\\/\\\/www.noegel.de\\\/jf-workwear\\\/#breadcrumb\"},\"inLanguage\":\"nl-NL\",\"potentialAction\":[{\"@type\":\"ReadAction\",\"target\":[\"https:\\\/\\\/www.noegel.de\\\/jf-workwear\\\/\"]}]},{\"@type\":\"BreadcrumbList\",\"@id\":\"https:\\\/\\\/www.noegel.de\\\/jf-workwear\\\/#breadcrumb\",\"itemListElement\":[{\"@type\":\"ListItem\",\"position\":1,\"name\":\"Startseite\",\"item\":\"https:\\\/\\\/www.noegel.de\\\/\"},{\"@type\":\"ListItem\",\"position\":2,\"name\":\"JF Workwear\"}]},{\"@type\":\"WebSite\",\"@id\":\"https:\\\/\\\/www.noegel.de\\\/#website\",\"url\":\"https:\\\/\\\/www.noegel.de\\\/\",\"name\":\"N\u00d6GEL Montagetechnik\",\"description\":\"...die gute Verbindung\",\"potentialAction\":[{\"@type\":\"SearchAction\",\"target\":{\"@type\":\"EntryPoint\",\"urlTemplate\":\"https:\\\/\\\/www.noegel.de\\\/?s={search_term_string}\"},\"query-input\":{\"@type\":\"PropertyValueSpecification\",\"valueRequired\":true,\"valueName\":\"search_term_string\"}}],\"inLanguage\":\"nl-NL\"}]}<\/script>\n<!-- \/ Yoast SEO plugin. -->","yoast_head_json":{"title":"JF Workwear - N\u00d6GEL Montagetechnik","robots":{"index":"index","follow":"follow","max-snippet":"max-snippet:-1","max-image-preview":"max-image-preview:large","max-video-preview":"max-video-preview:-1"},"canonical":"https:\/\/www.noegel.de\/jf-workwear\/","og_locale":"nl_NL","og_type":"article","og_title":"JF Workwear - N\u00d6GEL Montagetechnik","og_url":"https:\/\/www.noegel.de\/jf-workwear\/","og_site_name":"N\u00d6GEL Montagetechnik","article_publisher":"https:\/\/www.facebook.com\/noegel.montagetechnik","article_modified_time":"2026-04-10T08:19:46+00:00","twitter_card":"summary_large_image","twitter_misc":{"Geschatte leestijd":"8 minuten"},"schema":{"@context":"https:\/\/schema.org","@graph":[{"@type":"WebPage","@id":"https:\/\/www.noegel.de\/jf-workwear\/","url":"https:\/\/www.noegel.de\/jf-workwear\/","name":"JF Workwear - N\u00d6GEL Montagetechnik","isPartOf":{"@id":"https:\/\/www.noegel.de\/#website"},"datePublished":"2026-04-09T13:44:50+00:00","dateModified":"2026-04-10T08:19:46+00:00","breadcrumb":{"@id":"https:\/\/www.noegel.de\/jf-workwear\/#breadcrumb"},"inLanguage":"nl-NL","potentialAction":[{"@type":"ReadAction","target":["https:\/\/www.noegel.de\/jf-workwear\/"]}]},{"@type":"BreadcrumbList","@id":"https:\/\/www.noegel.de\/jf-workwear\/#breadcrumb","itemListElement":[{"@type":"ListItem","position":1,"name":"Startseite","item":"https:\/\/www.noegel.de\/"},{"@type":"ListItem","position":2,"name":"JF Workwear"}]},{"@type":"WebSite","@id":"https:\/\/www.noegel.de\/#website","url":"https:\/\/www.noegel.de\/","name":"N\u00d6GEL Montagetechnik","description":"...die gute Verbindung","potentialAction":[{"@type":"SearchAction","target":{"@type":"EntryPoint","urlTemplate":"https:\/\/www.noegel.de\/?s={search_term_string}"},"query-input":{"@type":"PropertyValueSpecification","valueRequired":true,"valueName":"search_term_string"}}],"inLanguage":"nl-NL"}]}},"_links":{"self":[{"href":"https:\/\/www.noegel.de\/nl\/wp-json\/wp\/v2\/pages\/12774","targetHints":{"allow":["GET"]}}],"collection":[{"href":"https:\/\/www.noegel.de\/nl\/wp-json\/wp\/v2\/pages"}],"about":[{"href":"https:\/\/www.noegel.de\/nl\/wp-json\/wp\/v2\/types\/page"}],"author":[{"embeddable":true,"href":"https:\/\/www.noegel.de\/nl\/wp-json\/wp\/v2\/users\/11"}],"replies":[{"embeddable":true,"href":"https:\/\/www.noegel.de\/nl\/wp-json\/wp\/v2\/comments?post=12774"}],"version-history":[{"count":10,"href":"https:\/\/www.noegel.de\/nl\/wp-json\/wp\/v2\/pages\/12774\/revisions"}],"predecessor-version":[{"id":13149,"href":"https:\/\/www.noegel.de\/nl\/wp-json\/wp\/v2\/pages\/12774\/revisions\/13149"}],"wp:attachment":[{"href":"https:\/\/www.noegel.de\/nl\/wp-json\/wp\/v2\/media?parent=12774"}],"curies":[{"name":"wp","href":"https:\/\/api.w.org\/{rel}","templated":true}]}}