{"id":2903,"date":"2019-01-30T17:01:07","date_gmt":"2019-01-30T16:01:07","guid":{"rendered":"https:\/\/www.noegel.de\/?page_id=2903"},"modified":"2022-05-30T16:00:36","modified_gmt":"2022-05-30T14:00:36","slug":"made-in-twist","status":"publish","type":"page","link":"https:\/\/www.noegel.de\/nl\/made-in-twist\/","title":{"rendered":"Made in Twist"},"content":{"rendered":"<div class=\"wpb-content-wrapper\">[vc_row][vc_column width=&#8221;2\/3&#8243;][vc_column_text]<strong><span style=\"color: #000000;\">MADE<\/span> <span style=\"color: #ff0000;\">in<\/span> <span style=\"color: #ffcc00;\">TWIST<\/span><\/strong><\/p>\n<p>In den letzten Jahren sind wir mehr und mehr dazu \u00fcbergegangen unsere Produkte selber am Standort in Twist zu produzieren, getreu dem Motto \u201eMade in Twist\u201c<\/p>\n<p>Durch die Produktion vor Ort k\u00f6nnen wir noch mehr auf Kundenw\u00fcnsche eingehen und auch Sonderteile im Spritzgussverfahren, in der Aluminiumbearbeitung und der D\u00e4mmtechnik herstellen. Viele unserer Kunden profitieren von unserem Sortiment und platzieren Rahmenauftr\u00e4ge bei uns, um die Lieferf\u00e4higkeit dieser Spezialartikel zu gew\u00e4hrleisten. Wir fertigen aktuell in unseren Produktionshallen 24 Stunden an 7 Tagen in der Woche.<\/p>\n<p><strong>Weitere Vorteile der Eigenproduktion sind:<\/strong><\/p>\n<ul>\n<li>Schnelle Lieferung<\/li>\n<li>Qualit\u00e4tskontrolle vor Ort<\/li>\n<li>Fertigung von Kleinserien<\/li>\n<li>Fertigung nach deutschen Standard<\/li>\n<li>Produkte im Eigenlabel<\/li>\n<li>Fertigung von Spezialprodukten<\/li>\n<\/ul>\n<p>\u00dcberzeugen auch Sie sich von unser St\u00e4rke und kontaktieren Sie uns direkt unter 05936-9363-0 oder <a href=\"mailto:verkauf@noegel.de\">verkauf@noegel.de<\/a><\/p>\n<p>Wir freuen uns auf Ihren Kontakt.[\/vc_column_text][\/vc_column][vc_column width=&#8221;1\/3&#8243;][vc_single_image image=&#8221;2912&#8243; img_size=&#8221;full&#8221; alignment=&#8221;center&#8221;][\/vc_column][\/vc_row][vc_row][vc_column][vc_separator][\/vc_column][\/vc_row][vc_row][vc_column]<h1 class='heading-left  divider-sm' ><span>Aluminiumproduktion<\/span><\/h1>[vc_column_text]Wir produzieren seit 2015 am Standort in Twist Aluminiumprodukte f\u00fcr verschiedenste Anwendungen. Unser Schwerpunkt liegt hierbei aber auf alternative Eck- und T- Verbinder f\u00fcr den Aluminumfensterbau. Diese Verbinder sind die Grundlage f\u00fcr die Produktion von Fenstern und werden in den Ecken von Aluminumfenstern vernagelt oder gepresst. Aktuell produzieren wir alternative Verbinder f\u00fcr die Systeme Sch\u00fcco, Heroal, Alcoa, sowie weitere Systeme. Alle unsere Verbinder wurden von uns speziell entwickelt und sind vor dem Nachbau durch z.B. Patente gesch\u00fctzt. Wir fertigen pro Tag mehrere Tausende Teile.[\/vc_column_text][\/vc_column][\/vc_row][vc_row][vc_column width=&#8221;1\/4&#8243;][vc_single_image image=&#8221;2913&#8243; img_size=&#8221;full&#8221; alignment=&#8221;center&#8221; onclick=&#8221;link_image&#8221;][\/vc_column][vc_column width=&#8221;1\/4&#8243;][vc_single_image image=&#8221;2914&#8243; img_size=&#8221;full&#8221; alignment=&#8221;center&#8221; onclick=&#8221;link_image&#8221;][\/vc_column][vc_column width=&#8221;1\/4&#8243;][vc_single_image image=&#8221;2915&#8243; img_size=&#8221;full&#8221; alignment=&#8221;center&#8221; onclick=&#8221;link_image&#8221;][\/vc_column][vc_column width=&#8221;1\/4&#8243;][vc_single_image image=&#8221;2916&#8243; img_size=&#8221;full&#8221; alignment=&#8221;center&#8221; onclick=&#8221;link_image&#8221;][\/vc_column][\/vc_row][vc_row][vc_column][vc_separator][\/vc_column][\/vc_row][vc_row][vc_column]<h1 class='heading-left  divider-sm' ><span>Spritzguss<\/span><\/h1>[vc_column_text]Im Jahr 2009 wurde der Grundstein f\u00fcr unsere Spritzgussproduktion gelegt. Wir sind mit einer Maschine gestartet und haben viele Spritzgussmaschinen die Rund um die Uhr an sieben Tagen in der Woche unsere verschiedenen Teile produzieren. Aktuell werden ca. 250.000 bis 300.000 Spritzgussteile am Tag produziert. Wir sind einer der gr\u00f6\u00dften deutschen Hersteller f\u00fcr IFT gepr\u00fcfte Verglasungskl\u00f6tze und auch Glasfalzeinlagen. Diese werden speziell in der Fensterproduktion und dem Fenstereinbau eingesetzt. Aber auch viele kundenspezifische Teile werden t\u00e4glich auf unseren modernen Maschinenpark produziert.[\/vc_column_text][\/vc_column][\/vc_row][vc_row][vc_column width=&#8221;1\/4&#8243;][vc_single_image image=&#8221;2694&#8243; img_size=&#8221;full&#8221; alignment=&#8221;center&#8221; onclick=&#8221;link_image&#8221;][\/vc_column][vc_column width=&#8221;1\/4&#8243;][vc_single_image image=&#8221;2027&#8243; img_size=&#8221;full&#8221; alignment=&#8221;center&#8221; onclick=&#8221;link_image&#8221;][\/vc_column][vc_column width=&#8221;1\/4&#8243;][vc_single_image image=&#8221;2918&#8243; img_size=&#8221;full&#8221; alignment=&#8221;center&#8221; onclick=&#8221;link_image&#8221;][\/vc_column][vc_column width=&#8221;1\/4&#8243;][vc_single_image image=&#8221;2919&#8243; img_size=&#8221;full&#8221; alignment=&#8221;center&#8221; onclick=&#8221;link_image&#8221;][\/vc_column][\/vc_row][vc_row][vc_column][vc_separator][\/vc_column][\/vc_row][vc_row][vc_column width=&#8221;1\/2&#8243;]<h1 class='heading-left  divider-sm' ><span>D\u00e4mmung <\/span><\/h1>[vc_column_text]Am Standort Twist produzieren wir Deckenrandschalung, diese wird zum seitlichen Abschalen von Stahlbetondecken verwendet. Die Deckenrandschalung wird einbaufertig in der statisch erforderlichen H\u00f6he angeliefert. Durch den Einsatz der verlege fertigen Deckenrandschalungen sparen Sie Zeit und somit Lohnkosten. Alle Randkosten einer konventionellen Schalung entfallen.<\/p>\n<p><strong>Vorteile<\/strong><\/p>\n<ul>\n<li>ersetzt zeitaufw\u00e4ndiges Abmauern<\/li>\n<li>w\u00e4rmeged\u00e4mmte Schalungselemente<\/li>\n<li>abst\u00fctzungsfreie, selbsttragende Schalung<\/li>\n<li>einbaufertige Anlieferung<\/li>\n<li>hervorragende Putz- und Betonhaftung<\/li>\n<li>kein Vorhalten, Ausschalen, S\u00e4ubern und Transport der Schalung<\/li>\n<\/ul>\n<p>Zudem prodzieren wir am Standort Twist Mauerrandstreifen aus extrudiertem Polystyrol-Hartschaum (XPS). Diese sind druckfest, ma\u00dfstabil, feuchtigkeitsunempfindlich und verrottungsfest. Sie sind speziell zum Schutz vor W\u00e4rmeverlust bei Fenster- und T\u00fcr\u00f6ffnungen konzipiert und werden im zweischaligen Mauerwerk eingesetzt. Dank der Oberfl\u00e4che mit Waffelstruktur k\u00f6nnen unsere Mauerrandstreifen direkt verputzt werden.<\/p>\n<p><strong>Vorteile der Mauerrandstreifen:<\/strong><\/p>\n<ul>\n<li>gute W\u00e4rmed\u00e4mmung<\/li>\n<li>schnell und wirtschaftlich zu verarbeiten<\/li>\n<li>druckfest, ma\u00dfstabil, feuchtigkeitsunempfindlich und verrottungsfest<\/li>\n<li>gefinierte Oberfl\u00e4che kann direkt verputzt werden<\/li>\n<\/ul>\n[\/vc_column_text][\/vc_column][vc_column width=&#8221;1\/2&#8243;][vc_single_image image=&#8221;2925&#8243; img_size=&#8221;medium&#8221; alignment=&#8221;center&#8221; onclick=&#8221;link_image&#8221;][vc_single_image image=&#8221;2924&#8243; img_size=&#8221;medium&#8221; alignment=&#8221;center&#8221; onclick=&#8221;link_image&#8221;][vc_single_image image=&#8221;2921&#8243; img_size=&#8221;medium&#8221; alignment=&#8221;center&#8221; onclick=&#8221;link_image&#8221;][\/vc_column][\/vc_row][vc_row][vc_column width=&#8221;1\/2&#8243;][\/vc_column][vc_column width=&#8221;1\/2&#8243;][\/vc_column][\/vc_row]\n<\/div>","protected":false},"excerpt":{"rendered":"<p>[vc_row][vc_column width=&#8221;2\/3&#8243;][vc_column_text]MADE in TWIST In den letzten Jahren sind wir mehr und mehr dazu \u00fcbergegangen unsere Produkte selber am Standort in Twist zu produzieren, getreu dem Motto \u201eMade in Twist\u201c Durch die Produktion vor Ort k\u00f6nnen wir noch mehr auf &hellip;<\/p>\n","protected":false},"author":1,"featured_media":0,"parent":0,"menu_order":0,"comment_status":"closed","ping_status":"closed","template":"","meta":{"footnotes":""},"class_list":["post-2903","page","type-page","status-publish","hentry"],"translation":{"provider":"WPGlobus","version":"3.0.2","language":"nl","enabled_languages":["de","nl","en"],"languages":{"de":{"title":true,"content":true,"excerpt":false},"nl":{"title":false,"content":false,"excerpt":false},"en":{"title":false,"content":false,"excerpt":false}}},"yoast_head":"<!-- This site is optimized with the Yoast SEO plugin v27.3 - https:\/\/yoast.com\/product\/yoast-seo-wordpress\/ -->\n<title>Made in Twist - N\u00d6GEL Montagetechnik<\/title>\n<meta name=\"robots\" content=\"index, follow, max-snippet:-1, max-image-preview:large, max-video-preview:-1\" \/>\n<link rel=\"canonical\" href=\"https:\/\/www.noegel.de\/made-in-twist\/\" \/>\n<meta property=\"og:locale\" content=\"nl_NL\" \/>\n<meta property=\"og:type\" content=\"article\" \/>\n<meta property=\"og:title\" content=\"Made in Twist - N\u00d6GEL Montagetechnik\" \/>\n<meta property=\"og:url\" content=\"https:\/\/www.noegel.de\/made-in-twist\/\" \/>\n<meta property=\"og:site_name\" content=\"N\u00d6GEL Montagetechnik\" \/>\n<meta property=\"article:publisher\" content=\"https:\/\/www.facebook.com\/noegel.montagetechnik\" \/>\n<meta property=\"article:modified_time\" content=\"2022-05-30T14:00:36+00:00\" \/>\n<meta name=\"twitter:card\" content=\"summary_large_image\" \/>\n<meta name=\"twitter:label1\" content=\"Geschatte leestijd\" \/>\n\t<meta name=\"twitter:data1\" content=\"4 minuten\" \/>\n<script type=\"application\/ld+json\" class=\"yoast-schema-graph\">{\"@context\":\"https:\\\/\\\/schema.org\",\"@graph\":[{\"@type\":\"WebPage\",\"@id\":\"https:\\\/\\\/www.noegel.de\\\/made-in-twist\\\/\",\"url\":\"https:\\\/\\\/www.noegel.de\\\/made-in-twist\\\/\",\"name\":\"Made in Twist - N\u00d6GEL Montagetechnik\",\"isPartOf\":{\"@id\":\"https:\\\/\\\/www.noegel.de\\\/#website\"},\"datePublished\":\"2019-01-30T16:01:07+00:00\",\"dateModified\":\"2022-05-30T14:00:36+00:00\",\"breadcrumb\":{\"@id\":\"https:\\\/\\\/www.noegel.de\\\/made-in-twist\\\/#breadcrumb\"},\"inLanguage\":\"nl-NL\",\"potentialAction\":[{\"@type\":\"ReadAction\",\"target\":[\"https:\\\/\\\/www.noegel.de\\\/made-in-twist\\\/\"]}]},{\"@type\":\"BreadcrumbList\",\"@id\":\"https:\\\/\\\/www.noegel.de\\\/made-in-twist\\\/#breadcrumb\",\"itemListElement\":[{\"@type\":\"ListItem\",\"position\":1,\"name\":\"Startseite\",\"item\":\"https:\\\/\\\/www.noegel.de\\\/\"},{\"@type\":\"ListItem\",\"position\":2,\"name\":\"Made in Twist\"}]},{\"@type\":\"WebSite\",\"@id\":\"https:\\\/\\\/www.noegel.de\\\/#website\",\"url\":\"https:\\\/\\\/www.noegel.de\\\/\",\"name\":\"N\u00d6GEL Montagetechnik\",\"description\":\"...die gute Verbindung\",\"potentialAction\":[{\"@type\":\"SearchAction\",\"target\":{\"@type\":\"EntryPoint\",\"urlTemplate\":\"https:\\\/\\\/www.noegel.de\\\/?s={search_term_string}\"},\"query-input\":{\"@type\":\"PropertyValueSpecification\",\"valueRequired\":true,\"valueName\":\"search_term_string\"}}],\"inLanguage\":\"nl-NL\"}]}<\/script>\n<!-- \/ Yoast SEO plugin. -->","yoast_head_json":{"title":"Made in Twist - N\u00d6GEL Montagetechnik","robots":{"index":"index","follow":"follow","max-snippet":"max-snippet:-1","max-image-preview":"max-image-preview:large","max-video-preview":"max-video-preview:-1"},"canonical":"https:\/\/www.noegel.de\/made-in-twist\/","og_locale":"nl_NL","og_type":"article","og_title":"Made in Twist - N\u00d6GEL Montagetechnik","og_url":"https:\/\/www.noegel.de\/made-in-twist\/","og_site_name":"N\u00d6GEL Montagetechnik","article_publisher":"https:\/\/www.facebook.com\/noegel.montagetechnik","article_modified_time":"2022-05-30T14:00:36+00:00","twitter_card":"summary_large_image","twitter_misc":{"Geschatte leestijd":"4 minuten"},"schema":{"@context":"https:\/\/schema.org","@graph":[{"@type":"WebPage","@id":"https:\/\/www.noegel.de\/made-in-twist\/","url":"https:\/\/www.noegel.de\/made-in-twist\/","name":"Made in Twist - N\u00d6GEL Montagetechnik","isPartOf":{"@id":"https:\/\/www.noegel.de\/#website"},"datePublished":"2019-01-30T16:01:07+00:00","dateModified":"2022-05-30T14:00:36+00:00","breadcrumb":{"@id":"https:\/\/www.noegel.de\/made-in-twist\/#breadcrumb"},"inLanguage":"nl-NL","potentialAction":[{"@type":"ReadAction","target":["https:\/\/www.noegel.de\/made-in-twist\/"]}]},{"@type":"BreadcrumbList","@id":"https:\/\/www.noegel.de\/made-in-twist\/#breadcrumb","itemListElement":[{"@type":"ListItem","position":1,"name":"Startseite","item":"https:\/\/www.noegel.de\/"},{"@type":"ListItem","position":2,"name":"Made in Twist"}]},{"@type":"WebSite","@id":"https:\/\/www.noegel.de\/#website","url":"https:\/\/www.noegel.de\/","name":"N\u00d6GEL Montagetechnik","description":"...die gute Verbindung","potentialAction":[{"@type":"SearchAction","target":{"@type":"EntryPoint","urlTemplate":"https:\/\/www.noegel.de\/?s={search_term_string}"},"query-input":{"@type":"PropertyValueSpecification","valueRequired":true,"valueName":"search_term_string"}}],"inLanguage":"nl-NL"}]}},"_links":{"self":[{"href":"https:\/\/www.noegel.de\/nl\/wp-json\/wp\/v2\/pages\/2903","targetHints":{"allow":["GET"]}}],"collection":[{"href":"https:\/\/www.noegel.de\/nl\/wp-json\/wp\/v2\/pages"}],"about":[{"href":"https:\/\/www.noegel.de\/nl\/wp-json\/wp\/v2\/types\/page"}],"author":[{"embeddable":true,"href":"https:\/\/www.noegel.de\/nl\/wp-json\/wp\/v2\/users\/1"}],"replies":[{"embeddable":true,"href":"https:\/\/www.noegel.de\/nl\/wp-json\/wp\/v2\/comments?post=2903"}],"version-history":[{"count":10,"href":"https:\/\/www.noegel.de\/nl\/wp-json\/wp\/v2\/pages\/2903\/revisions"}],"predecessor-version":[{"id":5919,"href":"https:\/\/www.noegel.de\/nl\/wp-json\/wp\/v2\/pages\/2903\/revisions\/5919"}],"wp:attachment":[{"href":"https:\/\/www.noegel.de\/nl\/wp-json\/wp\/v2\/media?parent=2903"}],"curies":[{"name":"wp","href":"https:\/\/api.w.org\/{rel}","templated":true}]}}