{"id":3633,"date":"2020-05-20T08:49:27","date_gmt":"2020-05-20T06:49:27","guid":{"rendered":"https:\/\/www.noegel.de\/?page_id=3633"},"modified":"2022-05-30T16:00:37","modified_gmt":"2022-05-30T14:00:37","slug":"das-noegel-easy-system","status":"publish","type":"page","link":"https:\/\/www.noegel.de\/nl\/das-noegel-easy-system\/","title":{"rendered":"Das N\u00d6GEL EASY System"},"content":{"rendered":"<div class=\"wpb-content-wrapper\">[vc_row][vc_column][vc_single_image image=&#8221;3628&#8243; img_size=&#8221;full&#8221; alignment=&#8221;center&#8221; css_animation=&#8221;fadeInLeft&#8221;][\/vc_column][\/vc_row][vc_row][vc_column][vc_column_text]<strong>Mit N\u00f6gel Easy per Knopfdruck nachbestellen, ganz ohne l\u00e4stigen Papierkram!<\/strong><\/p>\n<p><strong>Mit unserem neuen Bestellsystem wird Ihre Nachbevorratung so einfach wie nie zuvor.<br \/>\n<\/strong>Entsprechende Lagerpl\u00e4tze werden mit den Easy-Buttons versehen. Sobald sich der Bestand dem Ende neigt, bestellen Sie oder Ihre Mitarbeiter ganz einfach per Knopfdruck nach.<strong><br \/>\n<\/strong><\/p>\n<p><strong>Schnelle Einrichtung<br \/>\n<\/strong>Mit nur drei einfachen Schritten haben Sie das komplette System eingerichtet. (Siehe unten)<\/p>\n<p><strong>Magnethalter<\/strong><br \/>\nDie Buttons sind zus\u00e4tzlich mit einem Magnethalter best\u00fcckt. Wenn Sie ihr Lager umr\u00e4umen k\u00f6nnen Sie die Buttons problemlos wieder verteilen.[\/vc_column_text][vc_single_image image=&#8221;3629&#8243; img_size=&#8221;full&#8221; alignment=&#8221;center&#8221; css_animation=&#8221;fadeInRight&#8221;][\/vc_column][\/vc_row][vc_row][vc_column][vc_column_text]\n<h1>Nach drei einfachen Schritten geht es los!<\/h1>\n<ul>\n<li><strong>Schritt 1<\/strong><br \/>\nBringen Sie die Buttons an der gew\u00fcnschten Stelle im Regal an.<\/li>\n<li><strong>Schritt 2<\/strong><br \/>\nSchliessen Sie das Gateway an und warten Sie 45 Sekunden bis das Gateway hochgefahren ist und eine Netzverbindung hat.<\/li>\n<li><strong>Schritt 3<\/strong><br \/>\nBet\u00e4tigen Sie bei Bedarf den Button.<\/li>\n<\/ul>\n[\/vc_column_text][\/vc_column][\/vc_row][vc_row][vc_column][vc_video link=&#8221;https:\/\/www.youtube.com\/embed\/ePWbSbYR2gw&#8221; align=&#8221;center&#8221; css_animation=&#8221;fadeInLeft&#8221;][\/vc_column][\/vc_row][vc_row][vc_column][vc_column_text]\n<h1>Sie m\u00f6chten Ihren Bestellaufwand auf ein Minimum reduzieren?<\/h1>\n<p><strong>Wir beraten Sie gerne! <\/strong><\/p>\n<p>Tel.: +49 (0) 59 36 &#8211; 93 63 &#8211; 81<br \/>\nE-Mail: schoeffel@noegel.de[\/vc_column_text][\/vc_column][\/vc_row]\n<\/div>","protected":false},"excerpt":{"rendered":"<p>[vc_row][vc_column][vc_single_image image=&#8221;3628&#8243; img_size=&#8221;full&#8221; alignment=&#8221;center&#8221; css_animation=&#8221;fadeInLeft&#8221;][\/vc_column][\/vc_row][vc_row][vc_column][vc_column_text]Mit N\u00f6gel Easy per Knopfdruck nachbestellen, ganz ohne l\u00e4stigen Papierkram! Mit unserem neuen Bestellsystem wird Ihre Nachbevorratung so einfach wie nie zuvor. Entsprechende Lagerpl\u00e4tze werden mit den Easy-Buttons versehen. Sobald sich der Bestand dem Ende neigt, &hellip;<\/p>\n","protected":false},"author":1,"featured_media":0,"parent":0,"menu_order":0,"comment_status":"closed","ping_status":"closed","template":"","meta":{"footnotes":""},"class_list":["post-3633","page","type-page","status-publish","hentry"],"translation":{"provider":"WPGlobus","version":"3.0.2","language":"nl","enabled_languages":["de","nl","en"],"languages":{"de":{"title":true,"content":true,"excerpt":false},"nl":{"title":false,"content":false,"excerpt":false},"en":{"title":false,"content":false,"excerpt":false}}},"yoast_head":"<!-- This site is optimized with the Yoast SEO plugin v27.6 - https:\/\/yoast.com\/product\/yoast-seo-wordpress\/ -->\n<title>Das N\u00d6GEL EASY System - N\u00d6GEL Montagetechnik<\/title>\n<meta name=\"robots\" content=\"index, follow, max-snippet:-1, max-image-preview:large, max-video-preview:-1\" \/>\n<link rel=\"canonical\" href=\"https:\/\/www.noegel.de\/das-noegel-easy-system\/\" \/>\n<meta property=\"og:locale\" content=\"nl_NL\" \/>\n<meta property=\"og:type\" content=\"article\" \/>\n<meta property=\"og:title\" content=\"Das N\u00d6GEL EASY System - N\u00d6GEL Montagetechnik\" \/>\n<meta property=\"og:url\" content=\"https:\/\/www.noegel.de\/das-noegel-easy-system\/\" \/>\n<meta property=\"og:site_name\" content=\"N\u00d6GEL Montagetechnik\" \/>\n<meta property=\"article:publisher\" content=\"https:\/\/www.facebook.com\/noegel.montagetechnik\" \/>\n<meta property=\"article:modified_time\" content=\"2022-05-30T14:00:37+00:00\" \/>\n<meta name=\"twitter:card\" content=\"summary_large_image\" \/>\n<meta name=\"twitter:label1\" content=\"Geschatte leestijd\" \/>\n\t<meta name=\"twitter:data1\" content=\"1 minuut\" \/>\n<script type=\"application\/ld+json\" class=\"yoast-schema-graph\">{\"@context\":\"https:\\\/\\\/schema.org\",\"@graph\":[{\"@type\":\"WebPage\",\"@id\":\"https:\\\/\\\/www.noegel.de\\\/das-noegel-easy-system\\\/\",\"url\":\"https:\\\/\\\/www.noegel.de\\\/das-noegel-easy-system\\\/\",\"name\":\"Das N\u00d6GEL EASY System - N\u00d6GEL Montagetechnik\",\"isPartOf\":{\"@id\":\"https:\\\/\\\/www.noegel.de\\\/#website\"},\"datePublished\":\"2020-05-20T06:49:27+00:00\",\"dateModified\":\"2022-05-30T14:00:37+00:00\",\"breadcrumb\":{\"@id\":\"https:\\\/\\\/www.noegel.de\\\/das-noegel-easy-system\\\/#breadcrumb\"},\"inLanguage\":\"nl-NL\",\"potentialAction\":[{\"@type\":\"ReadAction\",\"target\":[\"https:\\\/\\\/www.noegel.de\\\/das-noegel-easy-system\\\/\"]}]},{\"@type\":\"BreadcrumbList\",\"@id\":\"https:\\\/\\\/www.noegel.de\\\/das-noegel-easy-system\\\/#breadcrumb\",\"itemListElement\":[{\"@type\":\"ListItem\",\"position\":1,\"name\":\"Startseite\",\"item\":\"https:\\\/\\\/www.noegel.de\\\/\"},{\"@type\":\"ListItem\",\"position\":2,\"name\":\"Das N\u00d6GEL EASY System\"}]},{\"@type\":\"WebSite\",\"@id\":\"https:\\\/\\\/www.noegel.de\\\/#website\",\"url\":\"https:\\\/\\\/www.noegel.de\\\/\",\"name\":\"N\u00d6GEL Montagetechnik\",\"description\":\"...die gute Verbindung\",\"potentialAction\":[{\"@type\":\"SearchAction\",\"target\":{\"@type\":\"EntryPoint\",\"urlTemplate\":\"https:\\\/\\\/www.noegel.de\\\/?s={search_term_string}\"},\"query-input\":{\"@type\":\"PropertyValueSpecification\",\"valueRequired\":true,\"valueName\":\"search_term_string\"}}],\"inLanguage\":\"nl-NL\"}]}<\/script>\n<!-- \/ Yoast SEO plugin. -->","yoast_head_json":{"title":"Das N\u00d6GEL EASY System - N\u00d6GEL Montagetechnik","robots":{"index":"index","follow":"follow","max-snippet":"max-snippet:-1","max-image-preview":"max-image-preview:large","max-video-preview":"max-video-preview:-1"},"canonical":"https:\/\/www.noegel.de\/das-noegel-easy-system\/","og_locale":"nl_NL","og_type":"article","og_title":"Das N\u00d6GEL EASY System - N\u00d6GEL Montagetechnik","og_url":"https:\/\/www.noegel.de\/das-noegel-easy-system\/","og_site_name":"N\u00d6GEL Montagetechnik","article_publisher":"https:\/\/www.facebook.com\/noegel.montagetechnik","article_modified_time":"2022-05-30T14:00:37+00:00","twitter_card":"summary_large_image","twitter_misc":{"Geschatte leestijd":"1 minuut"},"schema":{"@context":"https:\/\/schema.org","@graph":[{"@type":"WebPage","@id":"https:\/\/www.noegel.de\/das-noegel-easy-system\/","url":"https:\/\/www.noegel.de\/das-noegel-easy-system\/","name":"Das N\u00d6GEL EASY System - N\u00d6GEL Montagetechnik","isPartOf":{"@id":"https:\/\/www.noegel.de\/#website"},"datePublished":"2020-05-20T06:49:27+00:00","dateModified":"2022-05-30T14:00:37+00:00","breadcrumb":{"@id":"https:\/\/www.noegel.de\/das-noegel-easy-system\/#breadcrumb"},"inLanguage":"nl-NL","potentialAction":[{"@type":"ReadAction","target":["https:\/\/www.noegel.de\/das-noegel-easy-system\/"]}]},{"@type":"BreadcrumbList","@id":"https:\/\/www.noegel.de\/das-noegel-easy-system\/#breadcrumb","itemListElement":[{"@type":"ListItem","position":1,"name":"Startseite","item":"https:\/\/www.noegel.de\/"},{"@type":"ListItem","position":2,"name":"Das N\u00d6GEL EASY System"}]},{"@type":"WebSite","@id":"https:\/\/www.noegel.de\/#website","url":"https:\/\/www.noegel.de\/","name":"N\u00d6GEL Montagetechnik","description":"...die gute Verbindung","potentialAction":[{"@type":"SearchAction","target":{"@type":"EntryPoint","urlTemplate":"https:\/\/www.noegel.de\/?s={search_term_string}"},"query-input":{"@type":"PropertyValueSpecification","valueRequired":true,"valueName":"search_term_string"}}],"inLanguage":"nl-NL"}]}},"_links":{"self":[{"href":"https:\/\/www.noegel.de\/nl\/wp-json\/wp\/v2\/pages\/3633","targetHints":{"allow":["GET"]}}],"collection":[{"href":"https:\/\/www.noegel.de\/nl\/wp-json\/wp\/v2\/pages"}],"about":[{"href":"https:\/\/www.noegel.de\/nl\/wp-json\/wp\/v2\/types\/page"}],"author":[{"embeddable":true,"href":"https:\/\/www.noegel.de\/nl\/wp-json\/wp\/v2\/users\/1"}],"replies":[{"embeddable":true,"href":"https:\/\/www.noegel.de\/nl\/wp-json\/wp\/v2\/comments?post=3633"}],"version-history":[{"count":4,"href":"https:\/\/www.noegel.de\/nl\/wp-json\/wp\/v2\/pages\/3633\/revisions"}],"predecessor-version":[{"id":5924,"href":"https:\/\/www.noegel.de\/nl\/wp-json\/wp\/v2\/pages\/3633\/revisions\/5924"}],"wp:attachment":[{"href":"https:\/\/www.noegel.de\/nl\/wp-json\/wp\/v2\/media?parent=3633"}],"curies":[{"name":"wp","href":"https:\/\/api.w.org\/{rel}","templated":true}]}}