{"id":558,"date":"2016-08-08T09:45:14","date_gmt":"2016-08-08T07:45:14","guid":{"rendered":"http:\/\/noegel.de\/wp\/?page_id=558"},"modified":"2022-05-30T16:00:35","modified_gmt":"2022-05-30T14:00:35","slug":"der-noegel-hauptkatalog-201516","status":"publish","type":"page","link":"https:\/\/www.noegel.de\/nl\/der-noegel-hauptkatalog-201516\/","title":{"rendered":"Der N\u00f6gel Hauptkatalog 2015\/16"},"content":{"rendered":"<div class=\"wpb-content-wrapper\">[vc_row][vc_column width=&#8221;1\/2&#8243;]<h1 class='heading-left  divider-sm' ><span>\u00dcber 45.000 Artikel auf \u00fcber 600 Seiten<\/span><\/h1>[vc_column_text]Der neue N\u00f6gel-Hauptkatalog 2015\/2016 dokumentiert unsere Produktpalette mit vielen hochwertigen und innovativen Produkten: Mit einem Gesamt-Lagervorrat von ca. 10.000 Tonnen stellt der Bereich Schraubtechnik das Fundament unseres Produktsortiments dar.<\/p>\n<p>Mit einem der weltweit f\u00fchrenden Hersteller arbeiten wir seit vielen Jahren im Bereich der hochverg\u00fcteten Stahlbau-Produkte zusammen. Qualit\u00e4t auch im Bereich Fassadenbau: ein umfangreiches Produktsortiment, das keine Fragen offen l\u00e4sst. Beispiel hierf\u00fcr ist unser TWISTEC\u00ae Bohrschraubenprogramm: dies umfasst u. a. unsere gepr\u00fcften Edelstahl-Bohrschrauben sowie die farbigen Fassadenbauschrauben in hochwertiger Qualit\u00e4t.<\/p>\n<p>Zus\u00e4tzlich bieten wir Ihnen ein Blindnietprogramm, das allen Anspr\u00fcchen der Branche gerecht wird. Ein weiteres Premium Produkt ist unsere JET-FAST\u00ae Spanplattenschraube, die in Europa eine absolute Spitzenstellung einnimmt. Produktvielfalt und hohe Qualit\u00e4t sind Schlagworte, die in Bezug auf unser Beschlagschrauben-Programm Anwendung finden.<\/p>\n<p>Ein Highlight im Bereich der Bauchemie ist unser Dichtungsmassen-Angebot, das f\u00fcr nahezu alle Anwendungsbereiche eine spezielle L\u00f6sung bereith\u00e4lt. Besonders leistungsf\u00e4hig sind wir mit Kunststoffteilen (z. B. Verglasungskl\u00f6tze), die wir auf hochmodernen Spritzguss-Maschinen produzieren. Im Bereich Elektro-Werkzeuge pflegen wir eine langj\u00e4hrige partnerschaftliche Verbindung mit HITACHI Powertools, die uns zu einem der gr\u00f6\u00dften und erfolgreichsten Vertriebspartner f\u00fcr HITACHI-Elektroger\u00e4te in Deutschland gemacht hat. Abgerundet wird unser Verkaufsprogramm durch eine breite Auswahl an Produktionshilfsmitteln.<\/p>\n<p>NEU: Auf vielfachen Wunsch unserer Kunden haben wir viele hochwertige Produkte im Bereich der Befestigungstechnik f\u00fcr den Solarbereich mit in unser Produktsortiment aufgenommen. Hierzu geh\u00f6rt unter anderem ein Alu-Montagesystem, das Sie objektbezogen und nach Wunsch bei uns ordern k\u00f6nnen.[\/vc_column_text][\/vc_column][vc_column width=&#8221;1\/2&#8243;][vc_single_image image=&#8221;559&#8243; img_size=&#8221;400&#215;769&#8243; alignment=&#8221;center&#8221;][\/vc_column][\/vc_row]\n<\/div>","protected":false},"excerpt":{"rendered":"<p>[vc_row][vc_column width=&#8221;1\/2&#8243;][vc_column_text]Der neue N\u00f6gel-Hauptkatalog 2015\/2016 dokumentiert unsere Produktpalette mit vielen hochwertigen und innovativen Produkten: Mit einem Gesamt-Lagervorrat von ca. 10.000 Tonnen stellt der Bereich Schraubtechnik das Fundament unseres Produktsortiments dar. Mit einem der weltweit f\u00fchrenden Hersteller arbeiten wir seit vielen &hellip;<\/p>\n","protected":false},"author":1,"featured_media":0,"parent":0,"menu_order":0,"comment_status":"closed","ping_status":"closed","template":"","meta":{"footnotes":""},"class_list":["post-558","page","type-page","status-publish","hentry"],"translation":{"provider":"WPGlobus","version":"3.0.2","language":"nl","enabled_languages":["de","nl","en"],"languages":{"de":{"title":true,"content":true,"excerpt":false},"nl":{"title":false,"content":false,"excerpt":false},"en":{"title":false,"content":false,"excerpt":false}}},"yoast_head":"<!-- This site is optimized with the Yoast SEO plugin v27.3 - https:\/\/yoast.com\/product\/yoast-seo-wordpress\/ -->\n<title>Der N\u00f6gel Hauptkatalog 2015\/16 - N\u00d6GEL Montagetechnik<\/title>\n<meta name=\"robots\" content=\"index, follow, max-snippet:-1, max-image-preview:large, max-video-preview:-1\" \/>\n<link rel=\"canonical\" href=\"https:\/\/www.noegel.de\/der-noegel-hauptkatalog-201516\/\" \/>\n<meta property=\"og:locale\" content=\"nl_NL\" \/>\n<meta property=\"og:type\" content=\"article\" \/>\n<meta property=\"og:title\" content=\"Der N\u00f6gel Hauptkatalog 2015\/16 - N\u00d6GEL Montagetechnik\" \/>\n<meta property=\"og:url\" content=\"https:\/\/www.noegel.de\/der-noegel-hauptkatalog-201516\/\" \/>\n<meta property=\"og:site_name\" content=\"N\u00d6GEL Montagetechnik\" \/>\n<meta property=\"article:publisher\" content=\"https:\/\/www.facebook.com\/noegel.montagetechnik\" \/>\n<meta property=\"article:modified_time\" content=\"2022-05-30T14:00:35+00:00\" \/>\n<meta name=\"twitter:card\" content=\"summary_large_image\" \/>\n<meta name=\"twitter:label1\" content=\"Geschatte leestijd\" \/>\n\t<meta name=\"twitter:data1\" content=\"1 minuut\" \/>\n<script type=\"application\/ld+json\" class=\"yoast-schema-graph\">{\"@context\":\"https:\\\/\\\/schema.org\",\"@graph\":[{\"@type\":\"WebPage\",\"@id\":\"https:\\\/\\\/www.noegel.de\\\/der-noegel-hauptkatalog-201516\\\/\",\"url\":\"https:\\\/\\\/www.noegel.de\\\/der-noegel-hauptkatalog-201516\\\/\",\"name\":\"Der N\u00f6gel Hauptkatalog 2015\\\/16 - N\u00d6GEL Montagetechnik\",\"isPartOf\":{\"@id\":\"https:\\\/\\\/www.noegel.de\\\/#website\"},\"datePublished\":\"2016-08-08T07:45:14+00:00\",\"dateModified\":\"2022-05-30T14:00:35+00:00\",\"breadcrumb\":{\"@id\":\"https:\\\/\\\/www.noegel.de\\\/der-noegel-hauptkatalog-201516\\\/#breadcrumb\"},\"inLanguage\":\"nl-NL\",\"potentialAction\":[{\"@type\":\"ReadAction\",\"target\":[\"https:\\\/\\\/www.noegel.de\\\/der-noegel-hauptkatalog-201516\\\/\"]}]},{\"@type\":\"BreadcrumbList\",\"@id\":\"https:\\\/\\\/www.noegel.de\\\/der-noegel-hauptkatalog-201516\\\/#breadcrumb\",\"itemListElement\":[{\"@type\":\"ListItem\",\"position\":1,\"name\":\"Startseite\",\"item\":\"https:\\\/\\\/www.noegel.de\\\/\"},{\"@type\":\"ListItem\",\"position\":2,\"name\":\"Der N\u00f6gel Hauptkatalog 2015\\\/16\"}]},{\"@type\":\"WebSite\",\"@id\":\"https:\\\/\\\/www.noegel.de\\\/#website\",\"url\":\"https:\\\/\\\/www.noegel.de\\\/\",\"name\":\"N\u00d6GEL Montagetechnik\",\"description\":\"...die gute Verbindung\",\"potentialAction\":[{\"@type\":\"SearchAction\",\"target\":{\"@type\":\"EntryPoint\",\"urlTemplate\":\"https:\\\/\\\/www.noegel.de\\\/?s={search_term_string}\"},\"query-input\":{\"@type\":\"PropertyValueSpecification\",\"valueRequired\":true,\"valueName\":\"search_term_string\"}}],\"inLanguage\":\"nl-NL\"}]}<\/script>\n<!-- \/ Yoast SEO plugin. -->","yoast_head_json":{"title":"Der N\u00f6gel Hauptkatalog 2015\/16 - N\u00d6GEL Montagetechnik","robots":{"index":"index","follow":"follow","max-snippet":"max-snippet:-1","max-image-preview":"max-image-preview:large","max-video-preview":"max-video-preview:-1"},"canonical":"https:\/\/www.noegel.de\/der-noegel-hauptkatalog-201516\/","og_locale":"nl_NL","og_type":"article","og_title":"Der N\u00f6gel Hauptkatalog 2015\/16 - N\u00d6GEL Montagetechnik","og_url":"https:\/\/www.noegel.de\/der-noegel-hauptkatalog-201516\/","og_site_name":"N\u00d6GEL Montagetechnik","article_publisher":"https:\/\/www.facebook.com\/noegel.montagetechnik","article_modified_time":"2022-05-30T14:00:35+00:00","twitter_card":"summary_large_image","twitter_misc":{"Geschatte leestijd":"1 minuut"},"schema":{"@context":"https:\/\/schema.org","@graph":[{"@type":"WebPage","@id":"https:\/\/www.noegel.de\/der-noegel-hauptkatalog-201516\/","url":"https:\/\/www.noegel.de\/der-noegel-hauptkatalog-201516\/","name":"Der N\u00f6gel Hauptkatalog 2015\/16 - N\u00d6GEL Montagetechnik","isPartOf":{"@id":"https:\/\/www.noegel.de\/#website"},"datePublished":"2016-08-08T07:45:14+00:00","dateModified":"2022-05-30T14:00:35+00:00","breadcrumb":{"@id":"https:\/\/www.noegel.de\/der-noegel-hauptkatalog-201516\/#breadcrumb"},"inLanguage":"nl-NL","potentialAction":[{"@type":"ReadAction","target":["https:\/\/www.noegel.de\/der-noegel-hauptkatalog-201516\/"]}]},{"@type":"BreadcrumbList","@id":"https:\/\/www.noegel.de\/der-noegel-hauptkatalog-201516\/#breadcrumb","itemListElement":[{"@type":"ListItem","position":1,"name":"Startseite","item":"https:\/\/www.noegel.de\/"},{"@type":"ListItem","position":2,"name":"Der N\u00f6gel Hauptkatalog 2015\/16"}]},{"@type":"WebSite","@id":"https:\/\/www.noegel.de\/#website","url":"https:\/\/www.noegel.de\/","name":"N\u00d6GEL Montagetechnik","description":"...die gute Verbindung","potentialAction":[{"@type":"SearchAction","target":{"@type":"EntryPoint","urlTemplate":"https:\/\/www.noegel.de\/?s={search_term_string}"},"query-input":{"@type":"PropertyValueSpecification","valueRequired":true,"valueName":"search_term_string"}}],"inLanguage":"nl-NL"}]}},"_links":{"self":[{"href":"https:\/\/www.noegel.de\/nl\/wp-json\/wp\/v2\/pages\/558","targetHints":{"allow":["GET"]}}],"collection":[{"href":"https:\/\/www.noegel.de\/nl\/wp-json\/wp\/v2\/pages"}],"about":[{"href":"https:\/\/www.noegel.de\/nl\/wp-json\/wp\/v2\/types\/page"}],"author":[{"embeddable":true,"href":"https:\/\/www.noegel.de\/nl\/wp-json\/wp\/v2\/users\/1"}],"replies":[{"embeddable":true,"href":"https:\/\/www.noegel.de\/nl\/wp-json\/wp\/v2\/comments?post=558"}],"version-history":[{"count":5,"href":"https:\/\/www.noegel.de\/nl\/wp-json\/wp\/v2\/pages\/558\/revisions"}],"predecessor-version":[{"id":5901,"href":"https:\/\/www.noegel.de\/nl\/wp-json\/wp\/v2\/pages\/558\/revisions\/5901"}],"wp:attachment":[{"href":"https:\/\/www.noegel.de\/nl\/wp-json\/wp\/v2\/media?parent=558"}],"curies":[{"name":"wp","href":"https:\/\/api.w.org\/{rel}","templated":true}]}}