{"id":742,"date":"2016-08-11T14:42:01","date_gmt":"2016-08-11T12:42:01","guid":{"rendered":"http:\/\/noegel.de\/wp\/jobs\/"},"modified":"2023-01-17T16:16:23","modified_gmt":"2023-01-17T15:16:23","slug":"karriere","status":"publish","type":"page","link":"https:\/\/www.noegel.de\/nl\/karriere\/","title":{"rendered":"Actuele vacatures"},"content":{"rendered":"<div class=\"job_listings\" data-location=\"\" data-keywords=\"\" data-show_filters=\"true\" data-show_pagination=\"false\" data-per_page=\"50\" data-orderby=\"featured\" data-order=\"DESC\" data-categories=\"\" data-disable-form-state-storage=\"\" data-featured_first=\"false\" data-post_id=\"742\" >\n<form class=\"job_filters\">\n\t\n\t<div class=\"search_jobs\">\n\t\t\n\t\t<div class=\"search_keywords\">\n\t\t\t<label for=\"search_keywords\">Keywords<\/label>\n\t\t\t<input type=\"text\" name=\"search_keywords\" id=\"search_keywords\" placeholder=\"Keywords\" value=\"\" \/>\n\t\t<\/div>\n\n\t\t<div class=\"search_location\">\n\t\t\t<label for=\"search_location\">Locatie<\/label>\n\t\t\t<input type=\"text\" name=\"search_location\" id=\"search_location\" placeholder=\"Locatie\" value=\"\" \/>\n\t\t<\/div>\n\n\t\t\n\t\t<div style=\"clear: both\"><\/div>\n\n\t\t\t\t\t<div class=\"search_categories\">\n\t\t\t\t<label for=\"search_categories\">Categorie<\/label>\n\t\t\t\t\t\t\t\t\t<select name='search_categories[]' id='search_categories' class='job-manager-category-dropdown '  data-placeholder='Kies een categorie&hellip;' data-no_results_text='Geen vacatures gevonden' data-multiple_text='Selecteer je opties'>\n<option value=\"\">Elke categorie<\/option>\t<option class=\"level-0\" value=\"219\">Ausbildung<\/option>\n\t<option class=\"level-0\" value=\"80\">Au\u00dfendienst<\/option>\n\t<option class=\"level-0\" value=\"79\">Innendienst<\/option>\n<\/select>\n\t\t\t\t\t\t\t<\/div>\n\t\t\n\t\t\t\t\t<div class=\"search_submit\">\n\t\t\t\t<input type=\"submit\" value=\"Zoek vacatures\">\n\t\t\t<\/div>\n\t\t\n\t\t\t<\/div>\n\n\t\t<ul class=\"job_types\">\n\t\t\t\t\t<li><label for=\"job_type_ausbildung\" class=\"ausbildung\"><input type=\"checkbox\" name=\"filter_job_type[]\" value=\"ausbildung\"  checked='checked' id=\"job_type_ausbildung\" \/> Ausbildung<\/label><\/li>\n\t\t\t\t\t<li><label for=\"job_type_aussendienst-benelux\" class=\"ausendienst-benelux\"><input type=\"checkbox\" name=\"filter_job_type[]\" value=\"aussendienst-benelux\"  checked='checked' id=\"job_type_aussendienst-benelux\" \/> Au\u00dfendienst BeNeLux<\/label><\/li>\n\t\t\t\t\t<li><label for=\"job_type_aussendienst-deutschland\" class=\"ausendienst-deutschland\"><input type=\"checkbox\" name=\"filter_job_type[]\" value=\"aussendienst-deutschland\"  checked='checked' id=\"job_type_aussendienst-deutschland\" \/> Au\u00dfendienst Deutschland<\/label><\/li>\n\t\t\t\t\t<li><label for=\"job_type_aussendienst-oesterreich\" class=\"ausendienst-osterreich\"><input type=\"checkbox\" name=\"filter_job_type[]\" value=\"aussendienst-oesterreich\"  checked='checked' id=\"job_type_aussendienst-oesterreich\" \/> Au\u00dfendienst \u00d6sterreich<\/label><\/li>\n\t\t\t\t\t<li><label for=\"job_type_duales-studium\" class=\"duales-studium\"><input type=\"checkbox\" name=\"filter_job_type[]\" value=\"duales-studium\"  checked='checked' id=\"job_type_duales-studium\" \/> Duales Studium<\/label><\/li>\n\t\t\t\t\t<li><label for=\"job_type_innendienst\" class=\"innendienst\"><input type=\"checkbox\" name=\"filter_job_type[]\" value=\"innendienst\"  checked='checked' id=\"job_type_innendienst\" \/> Innendienst<\/label><\/li>\n\t\t\t\t\t<li><label for=\"job_type_praktikum\" class=\"praktikum\"><input type=\"checkbox\" name=\"filter_job_type[]\" value=\"praktikum\"  checked='checked' id=\"job_type_praktikum\" \/> Praktikum<\/label><\/li>\n\t\t\t<\/ul>\n\t<input type=\"hidden\" name=\"filter_job_type[]\" value=\"\" \/>\n<div class=\"showing_jobs\"><\/div><\/form>\n\n\n<noscript>Je browser ondersteunt geen JavaScript, of het is uitgeschakeld. JavaScript moet ingeschakeld zijn om de vermeldingen te kunnen bekijken.<\/noscript>\n<ul class=\"job_listings\">\n<\/ul>\n<a class=\"load_more_jobs\" href=\"#\" style=\"display:none;\"><strong>Toon meer vacatures<\/strong><\/a><\/div>\n","protected":false},"excerpt":{"rendered":"Keywords Locatie Categorie Elke categorie Ausbildung Au\u00dfendienst Innendienst Ausbildung Au\u00dfendienst BeNeLux Au\u00dfendienst Deutschland Au\u00dfendienst \u00d6sterreich Duales Studium Innendienst Praktikum Je browser ondersteunt geen JavaScript, of het is uitgeschakeld. JavaScript moet ingeschakeld zijn om de vermeldingen te kunnen bekijken. Toon meer &hellip;","protected":false},"author":1,"featured_media":0,"parent":0,"menu_order":0,"comment_status":"closed","ping_status":"closed","template":"","meta":{"footnotes":""},"class_list":["post-742","page","type-page","status-publish","hentry"],"translation":{"provider":"WPGlobus","version":"3.0.2","language":"nl","enabled_languages":["de","nl","en"],"languages":{"de":{"title":true,"content":true,"excerpt":false},"nl":{"title":true,"content":false,"excerpt":false},"en":{"title":false,"content":false,"excerpt":false}}},"yoast_head":"<!-- This site is optimized with the Yoast SEO plugin v27.3 - https:\/\/yoast.com\/product\/yoast-seo-wordpress\/ -->\n<title>Actuele vacatures - N\u00d6GEL Montagetechnik<\/title>\n<meta name=\"robots\" content=\"index, follow, max-snippet:-1, max-image-preview:large, max-video-preview:-1\" \/>\n<link rel=\"canonical\" href=\"https:\/\/www.noegel.de\/karriere\/\" \/>\n<meta property=\"og:locale\" content=\"nl_NL\" \/>\n<meta property=\"og:type\" content=\"article\" \/>\n<meta property=\"og:title\" content=\"Actuele vacatures - N\u00d6GEL Montagetechnik\" \/>\n<meta property=\"og:url\" content=\"https:\/\/www.noegel.de\/karriere\/\" \/>\n<meta property=\"og:site_name\" content=\"N\u00d6GEL Montagetechnik\" \/>\n<meta property=\"article:publisher\" content=\"https:\/\/www.facebook.com\/noegel.montagetechnik\" \/>\n<meta property=\"article:modified_time\" content=\"2023-01-17T15:16:23+00:00\" \/>\n<meta name=\"twitter:card\" content=\"summary_large_image\" \/>\n<script type=\"application\/ld+json\" class=\"yoast-schema-graph\">{\"@context\":\"https:\\\/\\\/schema.org\",\"@graph\":[{\"@type\":\"WebPage\",\"@id\":\"https:\\\/\\\/www.noegel.de\\\/karriere\\\/\",\"url\":\"https:\\\/\\\/www.noegel.de\\\/karriere\\\/\",\"name\":\"Actuele vacatures - N\u00d6GEL Montagetechnik\",\"isPartOf\":{\"@id\":\"https:\\\/\\\/www.noegel.de\\\/#website\"},\"datePublished\":\"2016-08-11T12:42:01+00:00\",\"dateModified\":\"2023-01-17T15:16:23+00:00\",\"breadcrumb\":{\"@id\":\"https:\\\/\\\/www.noegel.de\\\/karriere\\\/#breadcrumb\"},\"inLanguage\":\"nl-NL\",\"potentialAction\":[{\"@type\":\"ReadAction\",\"target\":[\"https:\\\/\\\/www.noegel.de\\\/karriere\\\/\"]}]},{\"@type\":\"BreadcrumbList\",\"@id\":\"https:\\\/\\\/www.noegel.de\\\/karriere\\\/#breadcrumb\",\"itemListElement\":[{\"@type\":\"ListItem\",\"position\":1,\"name\":\"Startseite\",\"item\":\"https:\\\/\\\/www.noegel.de\\\/\"},{\"@type\":\"ListItem\",\"position\":2,\"name\":\"Aktuelle Stellenangebote\"}]},{\"@type\":\"WebSite\",\"@id\":\"https:\\\/\\\/www.noegel.de\\\/#website\",\"url\":\"https:\\\/\\\/www.noegel.de\\\/\",\"name\":\"N\u00d6GEL Montagetechnik\",\"description\":\"...die gute Verbindung\",\"potentialAction\":[{\"@type\":\"SearchAction\",\"target\":{\"@type\":\"EntryPoint\",\"urlTemplate\":\"https:\\\/\\\/www.noegel.de\\\/?s={search_term_string}\"},\"query-input\":{\"@type\":\"PropertyValueSpecification\",\"valueRequired\":true,\"valueName\":\"search_term_string\"}}],\"inLanguage\":\"nl-NL\"}]}<\/script>\n<!-- \/ Yoast SEO plugin. -->","yoast_head_json":{"title":"Actuele vacatures - N\u00d6GEL Montagetechnik","robots":{"index":"index","follow":"follow","max-snippet":"max-snippet:-1","max-image-preview":"max-image-preview:large","max-video-preview":"max-video-preview:-1"},"canonical":"https:\/\/www.noegel.de\/karriere\/","og_locale":"nl_NL","og_type":"article","og_title":"Actuele vacatures - N\u00d6GEL Montagetechnik","og_url":"https:\/\/www.noegel.de\/karriere\/","og_site_name":"N\u00d6GEL Montagetechnik","article_publisher":"https:\/\/www.facebook.com\/noegel.montagetechnik","article_modified_time":"2023-01-17T15:16:23+00:00","twitter_card":"summary_large_image","schema":{"@context":"https:\/\/schema.org","@graph":[{"@type":"WebPage","@id":"https:\/\/www.noegel.de\/karriere\/","url":"https:\/\/www.noegel.de\/karriere\/","name":"Actuele vacatures - N\u00d6GEL Montagetechnik","isPartOf":{"@id":"https:\/\/www.noegel.de\/#website"},"datePublished":"2016-08-11T12:42:01+00:00","dateModified":"2023-01-17T15:16:23+00:00","breadcrumb":{"@id":"https:\/\/www.noegel.de\/karriere\/#breadcrumb"},"inLanguage":"nl-NL","potentialAction":[{"@type":"ReadAction","target":["https:\/\/www.noegel.de\/karriere\/"]}]},{"@type":"BreadcrumbList","@id":"https:\/\/www.noegel.de\/karriere\/#breadcrumb","itemListElement":[{"@type":"ListItem","position":1,"name":"Startseite","item":"https:\/\/www.noegel.de\/"},{"@type":"ListItem","position":2,"name":"Aktuelle Stellenangebote"}]},{"@type":"WebSite","@id":"https:\/\/www.noegel.de\/#website","url":"https:\/\/www.noegel.de\/","name":"N\u00d6GEL Montagetechnik","description":"...die gute Verbindung","potentialAction":[{"@type":"SearchAction","target":{"@type":"EntryPoint","urlTemplate":"https:\/\/www.noegel.de\/?s={search_term_string}"},"query-input":{"@type":"PropertyValueSpecification","valueRequired":true,"valueName":"search_term_string"}}],"inLanguage":"nl-NL"}]}},"_links":{"self":[{"href":"https:\/\/www.noegel.de\/nl\/wp-json\/wp\/v2\/pages\/742","targetHints":{"allow":["GET"]}}],"collection":[{"href":"https:\/\/www.noegel.de\/nl\/wp-json\/wp\/v2\/pages"}],"about":[{"href":"https:\/\/www.noegel.de\/nl\/wp-json\/wp\/v2\/types\/page"}],"author":[{"embeddable":true,"href":"https:\/\/www.noegel.de\/nl\/wp-json\/wp\/v2\/users\/1"}],"replies":[{"embeddable":true,"href":"https:\/\/www.noegel.de\/nl\/wp-json\/wp\/v2\/comments?post=742"}],"version-history":[{"count":9,"href":"https:\/\/www.noegel.de\/nl\/wp-json\/wp\/v2\/pages\/742\/revisions"}],"predecessor-version":[{"id":6715,"href":"https:\/\/www.noegel.de\/nl\/wp-json\/wp\/v2\/pages\/742\/revisions\/6715"}],"wp:attachment":[{"href":"https:\/\/www.noegel.de\/nl\/wp-json\/wp\/v2\/media?parent=742"}],"curies":[{"name":"wp","href":"https:\/\/api.w.org\/{rel}","templated":true}]}}